{"id":536,"date":"2014-03-01T20:11:00","date_gmt":"2014-03-01T20:11:00","guid":{"rendered":"http:\/\/ggs-marienstrasse.de\/?page_id=536"},"modified":"2014-12-09T20:32:31","modified_gmt":"2014-12-09T20:32:31","slug":"schule-mit-sportlichem-schwerpunkt","status":"publish","type":"page","link":"https:\/\/ggs-marienstrasse.de\/?page_id=536","title":{"rendered":"Schule mit sportlichem Schwerpunkt"},"content":{"rendered":"<p><a href=\"http:\/\/stoelting-klein.de\/business\/ggsm\/wp-content\/uploads\/2014\/03\/Treppenlauf_20130630_112044.jpg\"><img decoding=\"async\" loading=\"lazy\" class=\"alignnone  wp-image-537\" style=\"border: 0px none; margin: 0px;\" src=\"http:\/\/stoelting-klein.de\/business\/ggsm\/wp-content\/uploads\/2014\/03\/Treppenlauf_20130630_112044.jpg\" alt=\"Treppenlauf_20130630_112044\" width=\"680\" height=\"443\" srcset=\"https:\/\/ggs-marienstrasse.de\/wp-content\/uploads\/2014\/03\/Treppenlauf_20130630_112044.jpg 680w, https:\/\/ggs-marienstrasse.de\/wp-content\/uploads\/2014\/03\/Treppenlauf_20130630_112044-300x195.jpg 300w, https:\/\/ggs-marienstrasse.de\/wp-content\/uploads\/2014\/03\/Treppenlauf_20130630_112044-460x300.jpg 460w\" sizes=\"(max-width: 680px) 100vw, 680px\" \/><\/a><\/p>\n<p>Sch\u00fcler, die regelm\u00e4\u00dfig k\u00f6rperlich aktiv sind, st\u00e4rken neben der Konzentration gleichzeitig auch ihre Lernf\u00e4higkeit und die Lust am Lernen. Beim Sport erfahren Kinder, wie man mit Drucksituationen umgehen muss, wie man Streitanstand beherrscht und die F\u00e4higkeit Regeln zu akzeptieren. Solche sozialen Kompetenzen sind f\u00fcr den weiteren Lern- und Lebensverlauf von gro\u00dfer Bedeutung.<\/p>\n<p>Bewegung f\u00f6rdert die Lernmotivation. Bewegtes bzw. handlungsorientiertes Lernen f\u00f6rdert das ganzheitliche Erfassen von Lebenszusammenh\u00e4ngen.<\/p>\n<p>Wir m\u00f6chten durch Kooperationen mit Sportvereinen und AG&#8217;s im Nachmittagsbereich die Kinder zu lebenslangem Sporttreiben motivieren. Wir wollen bei den Kindern die Freude an der Bewegung und am gemeinschaflichen Sporttreiben wecken und die Einsicht vermitteln, dass kontunuierliches Sporttreiben, verbunden mit einer gesunden Lebensf\u00fchrung, sich positiv auf ihre k\u00f6rperliche, soziale, emotionale und geistige Entwicklung auswirkt. Gleichzeitig soll Sport in der Schule F\u00e4higkeiten wie Fairness, Toleranz, Teamgeist, Mitverantwortung und Leistungsbereitschaft f\u00f6rdern und festigen.<\/p>\n<p>Regelm\u00e4\u00dfige, m\u00f6glichst t\u00e4gliche Bewegungs-, Spiel- und Sportangebote beeinflussen die motorische, soziale, emotionale, psychische und kognitive Entwicklung von Kindern nachhaltig positiv und f\u00fchren auch im schulischen Bereich zu deutlichen Kompetenzgewinnen.\u201c<\/p>\n<p>(Ministerium f\u00fcr Schule und Weiterbildung, D\u00fcsseldorf, 2011)<\/p>\n<p><a href=\"http:\/\/stoelting-klein.de\/business\/ggsm\/wp-content\/uploads\/2014\/03\/sportprofil_grafik_web.jpg\"><img decoding=\"async\" loading=\"lazy\" class=\"alignnone  wp-image-540\" style=\"border: 0px none; margin: 0px;\" src=\"http:\/\/stoelting-klein.de\/business\/ggsm\/wp-content\/uploads\/2014\/03\/sportprofil_grafik_web.jpg\" alt=\"sportprofil_grafik_web\" width=\"800\" height=\"631\" srcset=\"https:\/\/ggs-marienstrasse.de\/wp-content\/uploads\/2014\/03\/sportprofil_grafik_web.jpg 800w, https:\/\/ggs-marienstrasse.de\/wp-content\/uploads\/2014\/03\/sportprofil_grafik_web-300x236.jpg 300w, https:\/\/ggs-marienstrasse.de\/wp-content\/uploads\/2014\/03\/sportprofil_grafik_web-380x300.jpg 380w\" sizes=\"(max-width: 800px) 100vw, 800px\" \/><\/a><\/p>\n<p><strong>Schulhofgestaltung und aktive Pause<\/strong><\/p>\n<p>Weil viele Kinder in ihrem Wohnumfeld nur \u00fcber begrenzte Bewegungs- und Entfaltungsr\u00e4ume verf\u00fcgen, erh\u00e4lt die t\u00e4gliche Spiel- und Bewegungszeit in der Schule eine besondere Bedeutung. Dabei spielen eine m\u00f6glichst interessante Schulhofgestaltung und abwechslungsreiche Pausen eine wichtige Rolle. So sollen den Kindern ausgleichende Bewegungsm\u00f6glichkeiten und Freir\u00e4ume f\u00fcr die Entwicklung eigener Spielideen geboten werden. Unsere Schulh\u00f6fe sind mit vielen fest installierten Spielger\u00e4ten ausgestattet, die die koordinativen F\u00e4higkeiten wie Gleichgewichtsf\u00e4higkeit, Orientierungsf\u00e4higkeit, Rhythmusf\u00e4higkeit etc. der Kinder f\u00f6rdern.<\/p>\n<p><strong>Sportfest<\/strong><\/p>\n<p>Da unserer Schule f\u00fcr Training und Wettkampf keine entsprechende Sportanlage in erreichbarer N\u00e4he zur Verf\u00fcgung steht, f\u00fchren wir keine traditionellen Bundesjugendspiele durch. Stattdessen liegt der Schwerpunkt bei unseren Schulfesten auf spielerischen Bewegungsangeboten, die zum Teil auch Wettkampfcharakter haben. Regelm\u00e4\u00dfig f\u00fchren wir einen Sponsorenlauf durch und nehmen am Wuppertaler Volkslauf und am Wuppertaler Treppenlauf teil.<\/p>\n<p><strong>Wettk\u00e4mpfe<\/strong><\/p>\n<p>Ziele:<\/p>\n<p>Die Kinder<\/p>\n<ul style=\"list-style-type: circle;\">\n<li>k\u00f6nnen sich sportlich mit Kindern anderer Schulen vergleichen<\/li>\n<li>haben die M\u00f6glichkeit, ihre Schule zu vertreten<\/li>\n<li>erfahren eine St\u00e4rkung des Gemeinschaftsgef\u00fchls.<\/li>\n<\/ul>\n<p>Unsere Schule beteiligt sich an folgenden Wettk\u00e4mpfen auf Stadtebene:<\/p>\n<ul style=\"list-style-type: circle;\">\n<li>Fu\u00dfball f\u00fcr M\u00e4dchen<\/li>\n<li>Fu\u00dfball f\u00fcr Jungen (Sparkassen-Cup)<\/li>\n<li>Handball f\u00fcr Jungen und M\u00e4dchen<\/li>\n<li>Leichtathletik f\u00fcr Jungen und M\u00e4dchen<\/li>\n<\/ul>\n<p><strong>Sport-AG<\/strong><\/p>\n<p>Ziele:<\/p>\n<p>Die Kinder<\/p>\n<ul style=\"list-style-type: circle;\">\n<li>gehen interessen- und bed\u00fcrfnisgeleitet sportlichen Aktivit\u00e4ten nach,<\/li>\n<li>vertiefen bekannte Bewegungsformen,<\/li>\n<li>bereiten sich auf die genannten Wettk\u00e4mpfe vor.<\/li>\n<\/ul>\n<p>An unserer Schule werden als Sport-AG zurzeit von \u00dcbungsleitern angeboten:<\/p>\n<ul style=\"list-style-type: circle;\">\n<li>Basketball (Kooperation mit Kult Sport Wuppertal)<\/li>\n<li>Handball (Kooperation mit dem MTV Elberfeld)<\/li>\n<li>Leichtathletik (Kooperation mit dem LC Wuppertal)<\/li>\n<li>Ballsport f\u00fcr Klasse 1 und 2<\/li>\n<li>M\u00e4dchenfu\u00dfball<\/li>\n<li>Tanzen<\/li>\n<\/ul>\n<p>Perspektiven<\/p>\n<p>Wir streben an, den Kontakt zu Vereinen, die \u00dcbungsleiter stellen, zu intensivieren, um nach M\u00f6glichkeit weitere Sportbereiche abzudecken. Au\u00dferdem k\u00f6nnte damit erreicht werden, dass bei den Kindern Interesse f\u00fcr eine dieser Sportarten geweckt wird und sie diese auch in ihrer Freizeit aus\u00fcben.<\/p>\n<p><strong>Bewegung im Unterricht &#8211; Bewegung in den kleinen Pausen<br \/>\n<\/strong><\/p>\n<p>Unsere Kind m\u00fcssen heutzutage einen langen Schultag durchhalten. Ein Abfall der geistigen Leistungsf\u00e4higkeit und der psychischen Befindlichkeit ist die Folge. Die Kinder werden m\u00fcde.<\/p>\n<p>Kurze Bewegungspausen im Unterricht k\u00f6nnen das Lernen der Kinder wesentlich f\u00f6rdern, weil das Herzkreislaufsystem \u201eauf Touren\u201c gebracht wird.<\/p>\n<p><a href=\"http:\/\/stoelting-klein.de\/business\/ggsm\/wp-content\/uploads\/2014\/03\/20140117_083656.jpg\"><img decoding=\"async\" loading=\"lazy\" class=\"alignnone size-medium wp-image-672\" src=\"http:\/\/stoelting-klein.de\/business\/ggsm\/wp-content\/uploads\/2014\/03\/20140117_083656-300x225.jpg\" alt=\"20140117_083656\" width=\"300\" height=\"225\" srcset=\"https:\/\/ggs-marienstrasse.de\/wp-content\/uploads\/2014\/03\/20140117_083656-300x225.jpg 300w, https:\/\/ggs-marienstrasse.de\/wp-content\/uploads\/2014\/03\/20140117_083656-1024x768.jpg 1024w, https:\/\/ggs-marienstrasse.de\/wp-content\/uploads\/2014\/03\/20140117_083656-400x300.jpg 400w\" sizes=\"(max-width: 300px) 100vw, 300px\" \/><\/a><\/p>\n<p>&nbsp;<\/p>\n<p>&nbsp;<\/p>\n<p><a href=\"http:\/\/stoelting-klein.de\/business\/ggsm\/wp-content\/uploads\/2014\/03\/20141024_110043.jpg\"><img decoding=\"async\" loading=\"lazy\" class=\"alignnone size-medium wp-image-669\" src=\"http:\/\/stoelting-klein.de\/business\/ggsm\/wp-content\/uploads\/2014\/03\/20141024_110043-300x225.jpg\" alt=\"20141024_110043\" width=\"300\" height=\"225\" srcset=\"https:\/\/ggs-marienstrasse.de\/wp-content\/uploads\/2014\/03\/20141024_110043-300x225.jpg 300w, https:\/\/ggs-marienstrasse.de\/wp-content\/uploads\/2014\/03\/20141024_110043-1024x768.jpg 1024w, https:\/\/ggs-marienstrasse.de\/wp-content\/uploads\/2014\/03\/20141024_110043-400x300.jpg 400w\" sizes=\"(max-width: 300px) 100vw, 300px\" \/><\/a><\/p>\n<p>Wir nehmen auch am Programm &#8222;Gesund macht Schule&#8220; teil:<\/p>\n<p>http:\/\/www.gesundmachtschule.de\/<\/p>\n","protected":false},"excerpt":{"rendered":"<p>Sch\u00fcler, die regelm\u00e4\u00dfig k\u00f6rperlich aktiv sind, st\u00e4rken neben der Konzentration gleichzeitig auch ihre Lernf\u00e4higkeit und die Lust am Lernen. Beim Sport erfahren Kinder, wie man mit Drucksituationen umgehen muss, wie man Streitanstand beherrscht und die F\u00e4higkeit Regeln zu akzeptieren. Solche &hellip; <a href=\"https:\/\/ggs-marienstrasse.de\/?page_id=536\">Weiterlesen <span class=\"meta-nav\">&rarr;<\/span><\/a><\/p>\n","protected":false},"author":2,"featured_media":0,"parent":0,"menu_order":0,"comment_status":"closed","ping_status":"open","template":"","meta":{"ngg_post_thumbnail":0},"_links":{"self":[{"href":"https:\/\/ggs-marienstrasse.de\/index.php?rest_route=\/wp\/v2\/pages\/536"}],"collection":[{"href":"https:\/\/ggs-marienstrasse.de\/index.php?rest_route=\/wp\/v2\/pages"}],"about":[{"href":"https:\/\/ggs-marienstrasse.de\/index.php?rest_route=\/wp\/v2\/types\/page"}],"author":[{"embeddable":true,"href":"https:\/\/ggs-marienstrasse.de\/index.php?rest_route=\/wp\/v2\/users\/2"}],"replies":[{"embeddable":true,"href":"https:\/\/ggs-marienstrasse.de\/index.php?rest_route=%2Fwp%2Fv2%2Fcomments&post=536"}],"version-history":[{"count":10,"href":"https:\/\/ggs-marienstrasse.de\/index.php?rest_route=\/wp\/v2\/pages\/536\/revisions"}],"predecessor-version":[{"id":668,"href":"https:\/\/ggs-marienstrasse.de\/index.php?rest_route=\/wp\/v2\/pages\/536\/revisions\/668"}],"wp:attachment":[{"href":"https:\/\/ggs-marienstrasse.de\/index.php?rest_route=%2Fwp%2Fv2%2Fmedia&parent=536"}],"curies":[{"name":"wp","href":"https:\/\/api.w.org\/{rel}","templated":true}]}}