{"id":2716,"date":"2026-04-21T14:09:31","date_gmt":"2026-04-21T14:09:31","guid":{"rendered":"https:\/\/ggs-marienstrasse.de\/?page_id=2716"},"modified":"2026-04-21T14:13:02","modified_gmt":"2026-04-21T14:13:02","slug":"brennscheidt-stiftung","status":"publish","type":"page","link":"https:\/\/ggs-marienstrasse.de\/?page_id=2716","title":{"rendered":"Brennscheidt-Stiftung"},"content":{"rendered":"\n<p>Die<a href=\"https:\/\/brennscheidt-stiftung.de\/\" data-type=\"URL\" data-id=\"https:\/\/brennscheidt-stiftung.de\/\"> Brennscheidt-Stiftung<\/a> engagiert sich in besonderem Ma\u00dfe f\u00fcr die F\u00f6rderung unserer Sch\u00fclerinnen und Sch\u00fcler und leistet damit einen wertvollen Beitrag zum Schulleben. Durch ihre Unterst\u00fctzung k\u00f6nnen wir ein vielf\u00e4ltiges Angebot an Arbeitsgemeinschaften im kreativen Bereich anbieten.<\/p>\n\n\n\n<p>Insbesondere in den Bereichen Musik, Tanz und Kunst er\u00f6ffnet die Stiftung unseren Kindern zahlreiche M\u00f6glichkeiten, ihre Talente zu entdecken und weiterzuentwickeln. Ob in der Tanz-AG, der Foto-AG, im Chor, beim Malen oder in der Zirkus-AG \u2013 die Sch\u00fclerinnen und Sch\u00fcler erhalten Raum, sich auszuprobieren, ihre Kreativit\u00e4t auszuleben und neue F\u00e4higkeiten zu erlernen.<\/p>\n\n\n\n<p>Die Brennscheidt-Stiftung tr\u00e4gt damit entscheidend dazu bei, das kulturelle und musikalische Engagement an unserer Schule zu st\u00e4rken und den Kindern wertvolle Erfahrungen \u00fcber den Unterricht hinaus zu erm\u00f6glichen.<\/p>\n","protected":false},"excerpt":{"rendered":"<p>Die Brennscheidt-Stiftung engagiert sich in besonderem Ma\u00dfe f\u00fcr die F\u00f6rderung unserer Sch\u00fclerinnen und Sch\u00fcler und leistet damit einen wertvollen Beitrag zum Schulleben. Durch ihre Unterst\u00fctzung k\u00f6nnen wir ein vielf\u00e4ltiges Angebot an Arbeitsgemeinschaften im kreativen Bereich anbieten. Insbesondere in den Bereichen &hellip; <a href=\"https:\/\/ggs-marienstrasse.de\/?page_id=2716\">Weiterlesen <span class=\"meta-nav\">&rarr;<\/span><\/a><\/p>\n","protected":false},"author":5,"featured_media":0,"parent":0,"menu_order":0,"comment_status":"closed","ping_status":"closed","template":"","meta":{"ngg_post_thumbnail":0},"_links":{"self":[{"href":"https:\/\/ggs-marienstrasse.de\/index.php?rest_route=\/wp\/v2\/pages\/2716"}],"collection":[{"href":"https:\/\/ggs-marienstrasse.de\/index.php?rest_route=\/wp\/v2\/pages"}],"about":[{"href":"https:\/\/ggs-marienstrasse.de\/index.php?rest_route=\/wp\/v2\/types\/page"}],"author":[{"embeddable":true,"href":"https:\/\/ggs-marienstrasse.de\/index.php?rest_route=\/wp\/v2\/users\/5"}],"replies":[{"embeddable":true,"href":"https:\/\/ggs-marienstrasse.de\/index.php?rest_route=%2Fwp%2Fv2%2Fcomments&post=2716"}],"version-history":[{"count":3,"href":"https:\/\/ggs-marienstrasse.de\/index.php?rest_route=\/wp\/v2\/pages\/2716\/revisions"}],"predecessor-version":[{"id":2724,"href":"https:\/\/ggs-marienstrasse.de\/index.php?rest_route=\/wp\/v2\/pages\/2716\/revisions\/2724"}],"wp:attachment":[{"href":"https:\/\/ggs-marienstrasse.de\/index.php?rest_route=%2Fwp%2Fv2%2Fmedia&parent=2716"}],"curies":[{"name":"wp","href":"https:\/\/api.w.org\/{rel}","templated":true}]}}