{"id":2654,"date":"2025-10-06T14:11:06","date_gmt":"2025-10-06T14:11:06","guid":{"rendered":"https:\/\/ggs-marienstrasse.de\/?page_id=2654"},"modified":"2025-10-06T14:27:33","modified_gmt":"2025-10-06T14:27:33","slug":"courage-tag-2025","status":"publish","type":"page","link":"https:\/\/ggs-marienstrasse.de\/?page_id=2654","title":{"rendered":"Courage-Tag 2025"},"content":{"rendered":"\n<div class=\"wp-block-file\"><object class=\"wp-block-file__embed\" data=\"https:\/\/ggs-marienstrasse.de\/wp-content\/uploads\/2025\/10\/Spendenlauf-Flyer.pdf\" type=\"application\/pdf\" style=\"width:100%;height:600px\" aria-label=\"Einbettung von Spendenlauf-Flyer.\"><\/object><a id=\"wp-block-file--media-85b97cf6-421e-4494-8e57-59710e52f3a6\" href=\"https:\/\/ggs-marienstrasse.de\/wp-content\/uploads\/2025\/10\/Spendenlauf-Flyer.pdf\">Spendenlauf-Flyer<\/a><a href=\"https:\/\/ggs-marienstrasse.de\/wp-content\/uploads\/2025\/10\/Spendenlauf-Flyer.pdf\" class=\"wp-block-file__button wp-element-button\" download aria-describedby=\"wp-block-file--media-85b97cf6-421e-4494-8e57-59710e52f3a6\">Herunterladen<\/a><\/div>\n\n\n\n<p>Am 13.06.2025 fand unser erster Courage-Tag statt. <\/p>\n\n\n\n<p>Am Vormittag haben sich alle Klassen mit verschiedenen Themen rund um Courage und das Mutig-sein besch\u00e4ftigt. Mit Bilderb\u00fcchern, Plakaten, k\u00fcnstlerischen Aktivit\u00e4ten und vielen Gespr\u00e4chsrunden haben die Kinder ihr Wissen \u00fcber Diskriminierung und Rassismus aufgefrischt und erweitert. Die Kinder der 3a und der 4b haben Ihre Arbeitsergebnisse am Nachmittag ausgestellt.<\/p>\n\n\n\n<div class=\"wp-block-group is-layout-constrained\"><div class=\"wp-block-group__inner-container\">\n<div class=\"wp-block-columns is-layout-flex wp-container-10\">\n<div class=\"wp-block-column is-layout-flow\">\n<figure class=\"wp-block-gallery has-nested-images columns-default is-cropped wp-block-gallery-1 is-layout-flex\">\n<figure class=\"wp-block-image size-large\"><a href=\"https:\/\/ggs-marienstrasse.de\/wp-content\/uploads\/2025\/10\/IMG_8496.jpeg\"><img decoding=\"async\" loading=\"lazy\" width=\"768\" height=\"1024\" src=\"https:\/\/ggs-marienstrasse.de\/wp-content\/uploads\/2025\/10\/IMG_8496-768x1024.jpeg\" alt=\"\" class=\"wp-image-2660\" srcset=\"https:\/\/ggs-marienstrasse.de\/wp-content\/uploads\/2025\/10\/IMG_8496-768x1024.jpeg 768w, https:\/\/ggs-marienstrasse.de\/wp-content\/uploads\/2025\/10\/IMG_8496-225x300.jpeg 225w, https:\/\/ggs-marienstrasse.de\/wp-content\/uploads\/2025\/10\/IMG_8496-1152x1536.jpeg 1152w, https:\/\/ggs-marienstrasse.de\/wp-content\/uploads\/2025\/10\/IMG_8496.jpeg 1536w\" sizes=\"(max-width: 768px) 100vw, 768px\" \/><\/a><\/figure>\n<\/figure>\n<\/div>\n\n\n\n<div class=\"wp-block-column is-layout-flow\">\n<figure class=\"wp-block-gallery has-nested-images columns-default is-cropped wp-block-gallery-4 is-layout-flex\">\n<figure class=\"wp-block-image size-large\"><a href=\"https:\/\/ggs-marienstrasse.de\/wp-content\/uploads\/2025\/10\/IMG_8531-rotated.jpeg\"><img decoding=\"async\" loading=\"lazy\" width=\"1024\" height=\"768\" src=\"https:\/\/ggs-marienstrasse.de\/wp-content\/uploads\/2025\/10\/IMG_8531-1024x768.jpeg\" alt=\"\" class=\"wp-image-2667\" srcset=\"https:\/\/ggs-marienstrasse.de\/wp-content\/uploads\/2025\/10\/IMG_8531-1024x768.jpeg 1024w, https:\/\/ggs-marienstrasse.de\/wp-content\/uploads\/2025\/10\/IMG_8531-300x225.jpeg 300w, https:\/\/ggs-marienstrasse.de\/wp-content\/uploads\/2025\/10\/IMG_8531-768x576.jpeg 768w, https:\/\/ggs-marienstrasse.de\/wp-content\/uploads\/2025\/10\/IMG_8531-1536x1152.jpeg 1536w, https:\/\/ggs-marienstrasse.de\/wp-content\/uploads\/2025\/10\/IMG_8531-400x300.jpeg 400w, https:\/\/ggs-marienstrasse.de\/wp-content\/uploads\/2025\/10\/IMG_8531-rotated.jpeg 2048w\" sizes=\"(max-width: 1024px) 100vw, 1024px\" \/><\/a><\/figure>\n<\/figure>\n<\/div>\n\n\n\n<div class=\"wp-block-column is-layout-flow\">\n<figure class=\"wp-block-gallery has-nested-images columns-default is-cropped wp-block-gallery-7 is-layout-flex\">\n<figure class=\"wp-block-image size-large\"><a href=\"https:\/\/ggs-marienstrasse.de\/wp-content\/uploads\/2025\/10\/IMG_8523-rotated.jpeg\"><img decoding=\"async\" loading=\"lazy\" width=\"1024\" height=\"768\" src=\"https:\/\/ggs-marienstrasse.de\/wp-content\/uploads\/2025\/10\/IMG_8523-1024x768.jpeg\" alt=\"\" class=\"wp-image-2662\" srcset=\"https:\/\/ggs-marienstrasse.de\/wp-content\/uploads\/2025\/10\/IMG_8523-1024x768.jpeg 1024w, https:\/\/ggs-marienstrasse.de\/wp-content\/uploads\/2025\/10\/IMG_8523-300x225.jpeg 300w, https:\/\/ggs-marienstrasse.de\/wp-content\/uploads\/2025\/10\/IMG_8523-768x576.jpeg 768w, https:\/\/ggs-marienstrasse.de\/wp-content\/uploads\/2025\/10\/IMG_8523-1536x1152.jpeg 1536w, https:\/\/ggs-marienstrasse.de\/wp-content\/uploads\/2025\/10\/IMG_8523-400x300.jpeg 400w, https:\/\/ggs-marienstrasse.de\/wp-content\/uploads\/2025\/10\/IMG_8523-rotated.jpeg 2048w\" sizes=\"(max-width: 1024px) 100vw, 1024px\" \/><\/a><\/figure>\n<\/figure>\n<\/div>\n<\/div>\n\n\n\n<figure class=\"wp-block-gallery has-nested-images columns-default is-cropped wp-block-gallery-11 is-layout-flex\">\n<figure class=\"wp-block-image size-large\"><a href=\"https:\/\/ggs-marienstrasse.de\/wp-content\/uploads\/2025\/10\/IMG_8534-1.jpeg\"><img decoding=\"async\" loading=\"lazy\" width=\"1024\" height=\"768\" src=\"https:\/\/ggs-marienstrasse.de\/wp-content\/uploads\/2025\/10\/IMG_8534-1-1024x768.jpeg\" alt=\"\" class=\"wp-image-2666\" srcset=\"https:\/\/ggs-marienstrasse.de\/wp-content\/uploads\/2025\/10\/IMG_8534-1-1024x768.jpeg 1024w, https:\/\/ggs-marienstrasse.de\/wp-content\/uploads\/2025\/10\/IMG_8534-1-300x225.jpeg 300w, https:\/\/ggs-marienstrasse.de\/wp-content\/uploads\/2025\/10\/IMG_8534-1-768x576.jpeg 768w, https:\/\/ggs-marienstrasse.de\/wp-content\/uploads\/2025\/10\/IMG_8534-1-1536x1152.jpeg 1536w, https:\/\/ggs-marienstrasse.de\/wp-content\/uploads\/2025\/10\/IMG_8534-1-400x300.jpeg 400w, https:\/\/ggs-marienstrasse.de\/wp-content\/uploads\/2025\/10\/IMG_8534-1.jpeg 2048w\" sizes=\"(max-width: 1024px) 100vw, 1024px\" \/><\/a><\/figure>\n<\/figure>\n\n\n\n<div class=\"wp-block-columns is-layout-flex wp-container-22\">\n<div class=\"wp-block-column is-layout-flow\">\n<figure class=\"wp-block-gallery has-nested-images columns-default is-cropped wp-block-gallery-13 is-layout-flex\">\n<figure class=\"wp-block-image size-large\"><a href=\"https:\/\/ggs-marienstrasse.de\/wp-content\/uploads\/2025\/10\/IMG_8525-rotated.jpeg\"><img decoding=\"async\" loading=\"lazy\" width=\"1024\" height=\"768\" src=\"https:\/\/ggs-marienstrasse.de\/wp-content\/uploads\/2025\/10\/IMG_8525-1024x768.jpeg\" alt=\"\" class=\"wp-image-2663\" srcset=\"https:\/\/ggs-marienstrasse.de\/wp-content\/uploads\/2025\/10\/IMG_8525-1024x768.jpeg 1024w, https:\/\/ggs-marienstrasse.de\/wp-content\/uploads\/2025\/10\/IMG_8525-300x225.jpeg 300w, https:\/\/ggs-marienstrasse.de\/wp-content\/uploads\/2025\/10\/IMG_8525-768x576.jpeg 768w, https:\/\/ggs-marienstrasse.de\/wp-content\/uploads\/2025\/10\/IMG_8525-1536x1152.jpeg 1536w, https:\/\/ggs-marienstrasse.de\/wp-content\/uploads\/2025\/10\/IMG_8525-400x300.jpeg 400w, https:\/\/ggs-marienstrasse.de\/wp-content\/uploads\/2025\/10\/IMG_8525-rotated.jpeg 2048w\" sizes=\"(max-width: 1024px) 100vw, 1024px\" \/><\/a><\/figure>\n<\/figure>\n<\/div>\n\n\n\n<div class=\"wp-block-column is-layout-flow\">\n<figure class=\"wp-block-gallery has-nested-images columns-default is-cropped wp-block-gallery-16 is-layout-flex\">\n<figure class=\"wp-block-image size-large\"><a href=\"https:\/\/ggs-marienstrasse.de\/wp-content\/uploads\/2025\/10\/IMG_8529-rotated.jpeg\"><img decoding=\"async\" loading=\"lazy\" width=\"1024\" height=\"768\" src=\"https:\/\/ggs-marienstrasse.de\/wp-content\/uploads\/2025\/10\/IMG_8529-1024x768.jpeg\" alt=\"\" class=\"wp-image-2664\" srcset=\"https:\/\/ggs-marienstrasse.de\/wp-content\/uploads\/2025\/10\/IMG_8529-1024x768.jpeg 1024w, https:\/\/ggs-marienstrasse.de\/wp-content\/uploads\/2025\/10\/IMG_8529-300x225.jpeg 300w, https:\/\/ggs-marienstrasse.de\/wp-content\/uploads\/2025\/10\/IMG_8529-768x576.jpeg 768w, https:\/\/ggs-marienstrasse.de\/wp-content\/uploads\/2025\/10\/IMG_8529-1536x1152.jpeg 1536w, https:\/\/ggs-marienstrasse.de\/wp-content\/uploads\/2025\/10\/IMG_8529-400x300.jpeg 400w, https:\/\/ggs-marienstrasse.de\/wp-content\/uploads\/2025\/10\/IMG_8529-rotated.jpeg 2048w\" sizes=\"(max-width: 1024px) 100vw, 1024px\" \/><\/a><\/figure>\n<\/figure>\n<\/div>\n\n\n\n<div class=\"wp-block-column is-layout-flow\">\n<figure class=\"wp-block-gallery has-nested-images columns-default is-cropped wp-block-gallery-19 is-layout-flex\">\n<figure class=\"wp-block-image size-large\"><a href=\"https:\/\/ggs-marienstrasse.de\/wp-content\/uploads\/2025\/10\/IMG_8522-rotated.jpeg\"><img decoding=\"async\" loading=\"lazy\" width=\"1024\" height=\"768\" src=\"https:\/\/ggs-marienstrasse.de\/wp-content\/uploads\/2025\/10\/IMG_8522-1024x768.jpeg\" alt=\"\" class=\"wp-image-2665\" srcset=\"https:\/\/ggs-marienstrasse.de\/wp-content\/uploads\/2025\/10\/IMG_8522-1024x768.jpeg 1024w, https:\/\/ggs-marienstrasse.de\/wp-content\/uploads\/2025\/10\/IMG_8522-300x225.jpeg 300w, https:\/\/ggs-marienstrasse.de\/wp-content\/uploads\/2025\/10\/IMG_8522-768x576.jpeg 768w, https:\/\/ggs-marienstrasse.de\/wp-content\/uploads\/2025\/10\/IMG_8522-1536x1152.jpeg 1536w, https:\/\/ggs-marienstrasse.de\/wp-content\/uploads\/2025\/10\/IMG_8522-400x300.jpeg 400w, https:\/\/ggs-marienstrasse.de\/wp-content\/uploads\/2025\/10\/IMG_8522-rotated.jpeg 2048w\" sizes=\"(max-width: 1024px) 100vw, 1024px\" \/><\/a><\/figure>\n<\/figure>\n<\/div>\n<\/div>\n<\/div><\/div>\n\n\n\n<p>Am Nachmittag haben sich alle Sch\u00fclerinnen und Sch\u00fcler mit allen Lehrkr\u00e4ften und vielen Eltern, Verwandten und Freund:innen auf dem Schulhof Schusterstra\u00dfe und dem Schusterplatz getroffen. <\/p>\n\n\n\n<p>Dort gab es Kuchen, Slush-Eis, Popcorn und Getr\u00e4nke gegen eine kleine Spende. <br>Bei bestem Wetter und hohen Temperaturen haben die Kinder der Grundschule Marienstra\u00dfe alles gegeben! Runde um Runde wurde um den Schusterplatz gelaufen, um m\u00f6glichst viele Sponsorengelder f\u00fcr den guten Zweck zu sammeln. Wir sind begeistert und stolz wie toll die Kinder diese Anstrengung gemeistert haben! Bravo! <br>Und ein gro\u00dfes Dankesch\u00f6n gilt allen flei\u00dfigen Helferinnen und Helfern an den St\u00e4nden und als Streckenposten. Ohne euch w\u00e4re unser Courage-Tag nicht m\u00f6glich gewesen!<\/p>\n\n\n\n<p>Der Courage-Tag war wundersch\u00f6n und freuen uns jetzt schon auf eine baldige Wiederholung! Danke an alle flei\u00dfigen Kinder und alle Sponsor:innen f\u00fcr die gro\u00dfz\u00fcgigen Spenden!<\/p>\n\n\n\n<div class=\"wp-block-file\"><object class=\"wp-block-file__embed\" data=\"https:\/\/ggs-marienstrasse.de\/wp-content\/uploads\/2025\/10\/Urkunde-Spendenlauf.pdf\" type=\"application\/pdf\" style=\"width:100%;height:600px\" aria-label=\"Einbettung von Urkunde-Spendenlauf.\"><\/object><a id=\"wp-block-file--media-972cda50-bff1-41f2-b4fe-f04ae63bb025\" href=\"https:\/\/ggs-marienstrasse.de\/wp-content\/uploads\/2025\/10\/Urkunde-Spendenlauf.pdf\">Urkunde-Spendenlauf<\/a><a href=\"https:\/\/ggs-marienstrasse.de\/wp-content\/uploads\/2025\/10\/Urkunde-Spendenlauf.pdf\" class=\"wp-block-file__button wp-element-button\" download aria-describedby=\"wp-block-file--media-972cda50-bff1-41f2-b4fe-f04ae63bb025\">Herunterladen<\/a><\/div>\n","protected":false},"excerpt":{"rendered":"<p>Am 13.06.2025 fand unser erster Courage-Tag statt. Am Vormittag haben sich alle Klassen mit verschiedenen Themen rund um Courage und das Mutig-sein besch\u00e4ftigt. Mit Bilderb\u00fcchern, Plakaten, k\u00fcnstlerischen Aktivit\u00e4ten und vielen Gespr\u00e4chsrunden haben die Kinder ihr Wissen \u00fcber Diskriminierung und Rassismus &hellip; <a href=\"https:\/\/ggs-marienstrasse.de\/?page_id=2654\">Weiterlesen <span class=\"meta-nav\">&rarr;<\/span><\/a><\/p>\n","protected":false},"author":5,"featured_media":0,"parent":0,"menu_order":0,"comment_status":"closed","ping_status":"closed","template":"","meta":{"ngg_post_thumbnail":0},"_links":{"self":[{"href":"https:\/\/ggs-marienstrasse.de\/index.php?rest_route=\/wp\/v2\/pages\/2654"}],"collection":[{"href":"https:\/\/ggs-marienstrasse.de\/index.php?rest_route=\/wp\/v2\/pages"}],"about":[{"href":"https:\/\/ggs-marienstrasse.de\/index.php?rest_route=\/wp\/v2\/types\/page"}],"author":[{"embeddable":true,"href":"https:\/\/ggs-marienstrasse.de\/index.php?rest_route=\/wp\/v2\/users\/5"}],"replies":[{"embeddable":true,"href":"https:\/\/ggs-marienstrasse.de\/index.php?rest_route=%2Fwp%2Fv2%2Fcomments&post=2654"}],"version-history":[{"count":3,"href":"https:\/\/ggs-marienstrasse.de\/index.php?rest_route=\/wp\/v2\/pages\/2654\/revisions"}],"predecessor-version":[{"id":2668,"href":"https:\/\/ggs-marienstrasse.de\/index.php?rest_route=\/wp\/v2\/pages\/2654\/revisions\/2668"}],"wp:attachment":[{"href":"https:\/\/ggs-marienstrasse.de\/index.php?rest_route=%2Fwp%2Fv2%2Fmedia&parent=2654"}],"curies":[{"name":"wp","href":"https:\/\/api.w.org\/{rel}","templated":true}]}}