{"id":2606,"date":"2025-02-14T09:07:18","date_gmt":"2025-02-14T09:07:18","guid":{"rendered":"https:\/\/ggs-marienstrasse.de\/?page_id=2606"},"modified":"2025-02-14T09:07:18","modified_gmt":"2025-02-14T09:07:18","slug":"mittagessen","status":"publish","type":"page","link":"https:\/\/ggs-marienstrasse.de\/?page_id=2606","title":{"rendered":"Mittagessen"},"content":{"rendered":"\n<p>Fester Bestandteil eines jeden Tages ist das gemeinschaftliche Mittagessen. In der Zeit von 12:15 Uhr \u00a0\u00a0bis14 Uhr erhalten die Kinder t\u00e4glich in der Mensa ein warmes Essen mit anschlie\u00dfendem Nachtisch. Neben dem Erlernen von wichtigen sozialen F\u00e4higkeiten und Verhaltensregeln f\u00f6rdert das gemeinsame Essen das \u201eWir-Gef\u00fchl\u201c und schafft eine angenehme Atmosph\u00e4re. Das Essen wird von dem Mensaverein der Else-Lasker-Sch\u00fcler-Schule geliefert. Schweinefleisch wird grunds\u00e4tzlich nicht angeboten. Die M\u00f6glichkeit eine vegetarische Alternative zu bestellen, ist auch m\u00f6glich.<\/p>\n\n\n\n<div class=\"wp-block-columns is-layout-flex wp-container-7\">\n<div class=\"wp-block-column is-layout-flow\">\n<figure class=\"wp-block-gallery has-nested-images columns-default is-cropped wp-block-gallery-1 is-layout-flex\">\n<figure class=\"wp-block-image size-large\"><a href=\"https:\/\/ggs-marienstrasse.de\/wp-content\/uploads\/2025\/02\/IMG_8038-scaled.jpg\"><img decoding=\"async\" loading=\"lazy\" width=\"768\" height=\"1024\" src=\"https:\/\/ggs-marienstrasse.de\/wp-content\/uploads\/2025\/02\/IMG_8038-768x1024.jpg\" alt=\"\" class=\"wp-image-2607\" srcset=\"https:\/\/ggs-marienstrasse.de\/wp-content\/uploads\/2025\/02\/IMG_8038-768x1024.jpg 768w, https:\/\/ggs-marienstrasse.de\/wp-content\/uploads\/2025\/02\/IMG_8038-225x300.jpg 225w, https:\/\/ggs-marienstrasse.de\/wp-content\/uploads\/2025\/02\/IMG_8038-1152x1536.jpg 1152w, https:\/\/ggs-marienstrasse.de\/wp-content\/uploads\/2025\/02\/IMG_8038-1536x2048.jpg 1536w, https:\/\/ggs-marienstrasse.de\/wp-content\/uploads\/2025\/02\/IMG_8038-scaled.jpg 1920w\" sizes=\"(max-width: 768px) 100vw, 768px\" \/><\/a><\/figure>\n<\/figure>\n<\/div>\n\n\n\n<div class=\"wp-block-column is-layout-flow\">\n<figure class=\"wp-block-gallery has-nested-images columns-default is-cropped wp-block-gallery-4 is-layout-flex\">\n<figure class=\"wp-block-image size-large\"><a href=\"https:\/\/ggs-marienstrasse.de\/wp-content\/uploads\/2025\/02\/IMG_8042-scaled.jpg\"><img decoding=\"async\" loading=\"lazy\" width=\"768\" height=\"1024\" src=\"https:\/\/ggs-marienstrasse.de\/wp-content\/uploads\/2025\/02\/IMG_8042-768x1024.jpg\" alt=\"\" class=\"wp-image-2608\" srcset=\"https:\/\/ggs-marienstrasse.de\/wp-content\/uploads\/2025\/02\/IMG_8042-768x1024.jpg 768w, https:\/\/ggs-marienstrasse.de\/wp-content\/uploads\/2025\/02\/IMG_8042-225x300.jpg 225w, https:\/\/ggs-marienstrasse.de\/wp-content\/uploads\/2025\/02\/IMG_8042-1152x1536.jpg 1152w, https:\/\/ggs-marienstrasse.de\/wp-content\/uploads\/2025\/02\/IMG_8042-1536x2048.jpg 1536w, https:\/\/ggs-marienstrasse.de\/wp-content\/uploads\/2025\/02\/IMG_8042-scaled.jpg 1920w\" sizes=\"(max-width: 768px) 100vw, 768px\" \/><\/a><\/figure>\n<\/figure>\n<\/div>\n<\/div>\n","protected":false},"excerpt":{"rendered":"<p>Fester Bestandteil eines jeden Tages ist das gemeinschaftliche Mittagessen. In der Zeit von 12:15 Uhr \u00a0\u00a0bis14 Uhr erhalten die Kinder t\u00e4glich in der Mensa ein warmes Essen mit anschlie\u00dfendem Nachtisch. Neben dem Erlernen von wichtigen sozialen F\u00e4higkeiten und Verhaltensregeln f\u00f6rdert &hellip; <a href=\"https:\/\/ggs-marienstrasse.de\/?page_id=2606\">Weiterlesen <span class=\"meta-nav\">&rarr;<\/span><\/a><\/p>\n","protected":false},"author":5,"featured_media":0,"parent":0,"menu_order":0,"comment_status":"closed","ping_status":"closed","template":"","meta":{"ngg_post_thumbnail":0},"_links":{"self":[{"href":"https:\/\/ggs-marienstrasse.de\/index.php?rest_route=\/wp\/v2\/pages\/2606"}],"collection":[{"href":"https:\/\/ggs-marienstrasse.de\/index.php?rest_route=\/wp\/v2\/pages"}],"about":[{"href":"https:\/\/ggs-marienstrasse.de\/index.php?rest_route=\/wp\/v2\/types\/page"}],"author":[{"embeddable":true,"href":"https:\/\/ggs-marienstrasse.de\/index.php?rest_route=\/wp\/v2\/users\/5"}],"replies":[{"embeddable":true,"href":"https:\/\/ggs-marienstrasse.de\/index.php?rest_route=%2Fwp%2Fv2%2Fcomments&post=2606"}],"version-history":[{"count":1,"href":"https:\/\/ggs-marienstrasse.de\/index.php?rest_route=\/wp\/v2\/pages\/2606\/revisions"}],"predecessor-version":[{"id":2610,"href":"https:\/\/ggs-marienstrasse.de\/index.php?rest_route=\/wp\/v2\/pages\/2606\/revisions\/2610"}],"wp:attachment":[{"href":"https:\/\/ggs-marienstrasse.de\/index.php?rest_route=%2Fwp%2Fv2%2Fmedia&parent=2606"}],"curies":[{"name":"wp","href":"https:\/\/api.w.org\/{rel}","templated":true}]}}