{"id":2603,"date":"2025-02-14T09:05:49","date_gmt":"2025-02-14T09:05:49","guid":{"rendered":"https:\/\/ggs-marienstrasse.de\/?page_id=2603"},"modified":"2026-04-30T12:11:41","modified_gmt":"2026-04-30T12:11:41","slug":"gruppenstruktur-gruppenraeume","status":"publish","type":"page","link":"https:\/\/ggs-marienstrasse.de\/?page_id=2603","title":{"rendered":"Gruppenstruktur &#038; Gruppenr\u00e4ume"},"content":{"rendered":"\n<p>Drei unserer Gruppenr\u00e4ume befinden sich in der<strong> Schusterstra\u00dfe 25<\/strong>.<br>Die <strong>Klassen 1 bis 2<\/strong>, sowie das <strong>B\u00fcro der OSG-Leitung<\/strong> finden Sie im:<br>&#8211; <strong>Erdgeschoss:<\/strong> <em>Weltenbummler<\/em>, B\u00fcro OGS-Leitung<br>&#8211; <strong>1. OG<\/strong>:\u00a0<em>Erfinder<\/em><br>&#8211; <strong>2. OG<\/strong>:\u00a0<em>Abenteurer<\/em><\/p>\n\n\n\n<p><\/p>\n\n\n\n<p><strong>Im Geb\u00e4ude der Marienstra\u00dfe 64<\/strong><br>befinden sich die <em><strong>Entdecker<\/strong> <\/em>mit den Klassen <strong><u>3<\/u><\/strong> und <strong><u>4<\/u> <\/strong>in Offener Struktur.<\/p>\n\n\n\n<p><\/p>\n\n\n\n<p>All unsere Gruppenr\u00e4ume sind mit reichlich Spiel \u2013 und Bastelm\u00f6glichkeiten ausgestattet, sodass unseren Kindern gen\u00fcgend Gelegenheit erm\u00f6glicht wird, ihren Tag kreativ selbst oder unter Anleitung zu gestalten.<br>Sport Spiel und Spa\u00df ist ebenfalls gegeben, durch unsere Vielzahl an AGs.<strong>&nbsp;<\/strong><\/p>\n\n\n\n<p><\/p>\n","protected":false},"excerpt":{"rendered":"<p>Drei unserer Gruppenr\u00e4ume befinden sich in der Schusterstra\u00dfe 25.Die Klassen 1 bis 2, sowie das B\u00fcro der OSG-Leitung finden Sie im:&#8211; Erdgeschoss: Weltenbummler, B\u00fcro OGS-Leitung&#8211; 1. OG:\u00a0Erfinder&#8211; 2. OG:\u00a0Abenteurer Im Geb\u00e4ude der Marienstra\u00dfe 64befinden sich die Entdecker mit den Klassen &hellip; <a href=\"https:\/\/ggs-marienstrasse.de\/?page_id=2603\">Weiterlesen <span class=\"meta-nav\">&rarr;<\/span><\/a><\/p>\n","protected":false},"author":5,"featured_media":0,"parent":0,"menu_order":0,"comment_status":"closed","ping_status":"closed","template":"","meta":{"ngg_post_thumbnail":0},"_links":{"self":[{"href":"https:\/\/ggs-marienstrasse.de\/index.php?rest_route=\/wp\/v2\/pages\/2603"}],"collection":[{"href":"https:\/\/ggs-marienstrasse.de\/index.php?rest_route=\/wp\/v2\/pages"}],"about":[{"href":"https:\/\/ggs-marienstrasse.de\/index.php?rest_route=\/wp\/v2\/types\/page"}],"author":[{"embeddable":true,"href":"https:\/\/ggs-marienstrasse.de\/index.php?rest_route=\/wp\/v2\/users\/5"}],"replies":[{"embeddable":true,"href":"https:\/\/ggs-marienstrasse.de\/index.php?rest_route=%2Fwp%2Fv2%2Fcomments&post=2603"}],"version-history":[{"count":8,"href":"https:\/\/ggs-marienstrasse.de\/index.php?rest_route=\/wp\/v2\/pages\/2603\/revisions"}],"predecessor-version":[{"id":2740,"href":"https:\/\/ggs-marienstrasse.de\/index.php?rest_route=\/wp\/v2\/pages\/2603\/revisions\/2740"}],"wp:attachment":[{"href":"https:\/\/ggs-marienstrasse.de\/index.php?rest_route=%2Fwp%2Fv2%2Fmedia&parent=2603"}],"curies":[{"name":"wp","href":"https:\/\/api.w.org\/{rel}","templated":true}]}}