{"id":2494,"date":"2024-06-24T16:42:29","date_gmt":"2024-06-24T16:42:29","guid":{"rendered":"https:\/\/ggs-marienstrasse.de\/?page_id=2494"},"modified":"2026-03-22T15:32:17","modified_gmt":"2026-03-22T15:32:17","slug":"schule-ohne-rassismus-schule-mit-courage","status":"publish","type":"page","link":"https:\/\/ggs-marienstrasse.de\/?page_id=2494","title":{"rendered":"Schule ohne Rassismus &#8211; Schule mit Courage"},"content":{"rendered":"\n<p>Nach unserer Projektwoche &#8222;Starke Kinder &#8211; gemeinsam gegen Diskriminierung &#8211; gemeinsam f\u00fcr mehr Toleranz&#8220;, m\u00f6chten wir nun Teil des Netzwerkes <a href=\"https:\/\/www.schule-ohne-rassismus.org\/\" data-type=\"URL\" data-id=\"https:\/\/www.schule-ohne-rassismus.org\/\">&#8222;Schule ohne Rassismus &#8211; Schule mit Courage&#8220;<\/a> werden. <\/p>\n\n\n\n<p>Uns ist bewusst, dass dieses Label nicht automatisch daf\u00fcr sorgt, dass keine Diskriminierungen mehr stattfinden k\u00f6nnen. Stattdessen soll die Teilnahme an diesem Projekt ein Versprechen sein, dass wir uns gemeinsam bem\u00fchen diskriminierungskritisch denken zu lernen. Die Teilnahme am Netzwerk soll alle Menschen an unserer Schule daran erinnern, dass wir t\u00e4glich mutig und aktiv jeder Form von Diskriminierung und Rassismus entgegen treten m\u00f6chten. Wir m\u00f6chten sensibel und aufmerksam bleiben, damit alle Menschen an unserer Schule friedlich miteinander lernen und arbeiten k\u00f6nnen.<\/p>\n\n\n\n<p>Weitere Infos zu unserem Vorhaben, finden Sie in diesem Video:<\/p>\n\n\n\n<figure class=\"wp-block-embed is-type-video is-provider-youtube wp-block-embed-youtube wp-embed-aspect-16-9 wp-has-aspect-ratio\"><div class=\"wp-block-embed__wrapper\">\n<iframe loading=\"lazy\" title=\"GS Marienstra\u00dfe   Schule ohne Rassismus   Schule mit Courage\" width=\"584\" height=\"329\" src=\"https:\/\/www.youtube.com\/embed\/QbVubBzZSqw?feature=oembed\" frameborder=\"0\" allow=\"accelerometer; autoplay; clipboard-write; encrypted-media; gyroscope; picture-in-picture; web-share\" referrerpolicy=\"strict-origin-when-cross-origin\" allowfullscreen><\/iframe>\n<\/div><figcaption class=\"wp-element-caption\">Video: Wir wollen Schule ohne Rassismus &#8211; Schule mit Courage werden<\/figcaption><\/figure>\n\n\n\n<p>Im Juni 2024 hat die Wahl f\u00fcr die Teilnahme am Netzwerk &#8222;Schule ohne Rassismus &#8211; Schule mit Courage&#8220; an der Grundschule Marienstra\u00dfe stattgefunden. <br>Insgesamt waren 241 Menschen aus unserer Schulgemeinschaft stimmberechtigt. <br>Davon haben 229 einen Wahlzettel ausgef\u00fcllt und ihre Stimme abgegeben. <br>Mit 216 JA-Stimmen (89,6%) erreichen wir eine deutliche Zusage f\u00fcr unser Vorhaben. <\/p>\n\n\n\n<p>Am 11.10.2024 fand die <strong>feierliche Aufnahmeveranstaltung<\/strong> in das Netzwerk \u201e<strong>Schule ohne Rassismus &#8211; Schule mit Courage\u201c<\/strong> an unserer Schule statt! Dazu versammelte sich die gesamte Schulgemeinschaft in der Sporthalle. Frau Oppermann begr\u00fc\u00dfte alle Kinder und Erwachsenen sowie unseren Besuch. Wir freuten uns sehr, Frau Lohrmann (Kommunales Integrationszentrum\/Ansprechpartnerin f\u00fcr SoR\/SmC in Wuppertal), Meieli Boroswky-Islam (Patin) und Louis Lange (Pate) bei uns begr\u00fc\u00dfen zu d\u00fcrfen. Wie es sich geh\u00f6rt, durften G\u00e4ste bei uns nat\u00fcrlich auch die Schuhe anlassen \ud83d\ude09 Mit tobendem Applaus der anwesenden Kinder und des Grundschule-Marienstra\u00dfe-Teams wurden uns die Schilder f\u00fcr unsere Schulgeb\u00e4ude und die Teilnahme Urkunde \u00fcbergeben.<br>Damit wir noch mehr \u00fcber Frau Lohrmann, Meieli und Louis erfahren k\u00f6nnen, haben Kinder der Eichh\u00f6rnchenklasse ein Interview vorbereitet und haben couragiert (mutig) Fragen an unseren Besuch gestellt. So konnten wir lernen, dass Pat:innen Vorbilder und Freund:innen sind, welche uns bei Projekten tatkr\u00e4ftig zur Seite stehen. Oder dass Louis den \u00d6lberg gerne mag, weil hier jeder Mensch willkommen ist und man sich gegenseitig unterst\u00fctzt, wenn Menschen Hilfe brauchen. Oder dass Meieli gerne Gedichte und Texte schreibt und es ihr wichtig ist, dass wir nun keine Schule ohne Rassismus sind, sondern eine Schule, die sich gegen Rassismus einsetzt. Frau Valentin konnte im Anschluss noch einen kurzen \u00dcberblick \u00fcber anstehende Projekte (Weitere Infos folgen zeitnah) geben und nochmals an unser Versprechen und unsere gemeinsame Aufgabe erinnern: Wir alle, Kinder und Erwachsene, wollen lernen Diskriminierungen im Alltag zu erkennen um gemeinsam etwas dagegen zu tun. Damit unsere Schule f\u00fcr alle Menschen ein gerechterer Ort sein kann.<br>Zum Abschluss haben alle in der Sporthalle gemeinsam zu dem Lied \u201eAlle Kinder haben Tr\u00e4ume\u201c (Lichterkinder) gesungen und getanzt. \u201eMein Herz ist voller Gl\u00fcck!\u201c, \u201eDa hatte ich ein kleines Freudentr\u00e4nchen im Auge\u201c oder \u201eDanke, das war total toll!\u201c sind nur einige Stimmen, die wir nach unserer Feier h\u00f6ren durften. <br>Wir bedanken uns herzlich bei allen beteiligten Personen, die unser Projekt unterst\u00fctzen und freuen uns auf unsere Aufgabe.<\/p>\n\n\n\n<div class=\"wp-block-file\"><a href=\"blob:https:\/\/ggs-marienstrasse.de\/f663d81b-11ef-4803-9704-705a4f2dce6e\" class=\"wp-block-file__button wp-element-button\" download>Herunterladen<\/a><\/div>\n\n\n\n<div class=\"wp-block-columns is-layout-flex wp-container-7\">\n<div class=\"wp-block-column is-layout-flow\">\n<figure class=\"wp-block-gallery has-nested-images columns-default is-cropped wp-block-gallery-1 is-layout-flex\">\n<figure class=\"wp-block-image size-large\"><a href=\"https:\/\/ggs-marienstrasse.de\/wp-content\/uploads\/2024\/10\/4FAAF8D1-8120-4BC5-A9DB-38DE87DC9F04-scaled.jpeg\"><img decoding=\"async\" loading=\"lazy\" width=\"1024\" height=\"768\" src=\"https:\/\/ggs-marienstrasse.de\/wp-content\/uploads\/2024\/10\/4FAAF8D1-8120-4BC5-A9DB-38DE87DC9F04-1024x768.jpeg\" alt=\"\" class=\"wp-image-2570\" srcset=\"https:\/\/ggs-marienstrasse.de\/wp-content\/uploads\/2024\/10\/4FAAF8D1-8120-4BC5-A9DB-38DE87DC9F04-1024x768.jpeg 1024w, https:\/\/ggs-marienstrasse.de\/wp-content\/uploads\/2024\/10\/4FAAF8D1-8120-4BC5-A9DB-38DE87DC9F04-300x225.jpeg 300w, https:\/\/ggs-marienstrasse.de\/wp-content\/uploads\/2024\/10\/4FAAF8D1-8120-4BC5-A9DB-38DE87DC9F04-768x576.jpeg 768w, https:\/\/ggs-marienstrasse.de\/wp-content\/uploads\/2024\/10\/4FAAF8D1-8120-4BC5-A9DB-38DE87DC9F04-1536x1152.jpeg 1536w, https:\/\/ggs-marienstrasse.de\/wp-content\/uploads\/2024\/10\/4FAAF8D1-8120-4BC5-A9DB-38DE87DC9F04-2048x1536.jpeg 2048w, https:\/\/ggs-marienstrasse.de\/wp-content\/uploads\/2024\/10\/4FAAF8D1-8120-4BC5-A9DB-38DE87DC9F04-400x300.jpeg 400w\" sizes=\"(max-width: 1024px) 100vw, 1024px\" \/><\/a><\/figure>\n<\/figure>\n<\/div>\n\n\n\n<div class=\"wp-block-column is-layout-flow\">\n<figure class=\"wp-block-gallery has-nested-images columns-default is-cropped wp-block-gallery-4 is-layout-flex\">\n<figure class=\"wp-block-image size-large\"><a href=\"https:\/\/ggs-marienstrasse.de\/wp-content\/uploads\/2024\/10\/2A311556-6804-4750-BE17-0847D20F1365-scaled.jpeg\"><img decoding=\"async\" loading=\"lazy\" width=\"1024\" height=\"768\" src=\"https:\/\/ggs-marienstrasse.de\/wp-content\/uploads\/2024\/10\/2A311556-6804-4750-BE17-0847D20F1365-1024x768.jpeg\" alt=\"\" class=\"wp-image-2572\" srcset=\"https:\/\/ggs-marienstrasse.de\/wp-content\/uploads\/2024\/10\/2A311556-6804-4750-BE17-0847D20F1365-1024x768.jpeg 1024w, https:\/\/ggs-marienstrasse.de\/wp-content\/uploads\/2024\/10\/2A311556-6804-4750-BE17-0847D20F1365-300x225.jpeg 300w, https:\/\/ggs-marienstrasse.de\/wp-content\/uploads\/2024\/10\/2A311556-6804-4750-BE17-0847D20F1365-768x576.jpeg 768w, https:\/\/ggs-marienstrasse.de\/wp-content\/uploads\/2024\/10\/2A311556-6804-4750-BE17-0847D20F1365-1536x1152.jpeg 1536w, https:\/\/ggs-marienstrasse.de\/wp-content\/uploads\/2024\/10\/2A311556-6804-4750-BE17-0847D20F1365-2048x1536.jpeg 2048w, https:\/\/ggs-marienstrasse.de\/wp-content\/uploads\/2024\/10\/2A311556-6804-4750-BE17-0847D20F1365-400x300.jpeg 400w\" sizes=\"(max-width: 1024px) 100vw, 1024px\" \/><\/a><\/figure>\n<\/figure>\n<\/div>\n<\/div>\n\n\n\n<div class=\"wp-block-file\"><object class=\"wp-block-file__embed\" data=\"https:\/\/ggs-marienstrasse.de\/wp-content\/uploads\/2024\/11\/WZ-Artikel-1.pdf\" type=\"application\/pdf\" style=\"width:100%;height:600px\" aria-label=\"Einbettung von WZ-Artikel-1.\"><\/object><a id=\"wp-block-file--media-1752d7e4-0526-4911-8e8e-e2a9e58a26c0\" href=\"https:\/\/ggs-marienstrasse.de\/wp-content\/uploads\/2024\/11\/WZ-Artikel-1.pdf\">WZ-Artikel-1<\/a><a href=\"https:\/\/ggs-marienstrasse.de\/wp-content\/uploads\/2024\/11\/WZ-Artikel-1.pdf\" class=\"wp-block-file__button wp-element-button\" download aria-describedby=\"wp-block-file--media-1752d7e4-0526-4911-8e8e-e2a9e58a26c0\">Herunterladen<\/a><\/div>\n\n\n\n<p><strong>Unsere Pat:innen stellen sich vor:<\/strong><\/p>\n\n\n\n<p><strong>Meieli Borowsky-Islam<\/strong> ist kaufm\u00e4nnische Assistentin Fremdsprachen, hat Philosophie und Franz\u00f6sisch studiert. Sie ist heute systemische Beraterin, Bildungsreferentin mit dem Schwerpunkt Antirassismus und Kolonialismus, Autorin und Kolumnistin bei dem Afrika Magazin \u201cLoNam&#8220; und arbeitet hauptberuflich als Projektleitung bei einer gGmbH, die soziale Projekte im Bereich Teilhabe, Demokratie und Vielfalt initiiert. <br>2021 gr\u00fcndete sie die Initiative &#8222;Decolonize Wuppertal&#8220; mit. Im April 2023 erschien im Unrast Verlag der Sammelband &#8222;Was uns Empowert \u2013 Geschichten von FLINTA of Color&#8220;, an dem sie als Herausgeberin und Autorin mitgewirkt hat. Seit 2023 ist sie Mitglied des Redaktionsteams der Literaturzeitschrift &#8222;Karussell&#8220;. Meieli Borowsky-Islam ist bereits &#8222;Schule ohne Rassismus&#8220;-Patin der Gesamtschule Barmen. <\/p>\n\n\n\n<figure class=\"wp-block-gallery has-nested-images columns-default is-cropped wp-block-gallery-8 is-layout-flex\">\n<figure class=\"wp-block-image size-large\"><a href=\"https:\/\/ggs-marienstrasse.de\/wp-content\/uploads\/2024\/11\/IMG_5532-scaled.jpg\"><img decoding=\"async\" loading=\"lazy\" width=\"768\" height=\"1024\" data-id=\"2581\"  src=\"https:\/\/ggs-marienstrasse.de\/wp-content\/uploads\/2024\/11\/IMG_5532-768x1024.jpg\" alt=\"\" class=\"wp-image-2581\" srcset=\"https:\/\/ggs-marienstrasse.de\/wp-content\/uploads\/2024\/11\/IMG_5532-768x1024.jpg 768w, https:\/\/ggs-marienstrasse.de\/wp-content\/uploads\/2024\/11\/IMG_5532-225x300.jpg 225w, https:\/\/ggs-marienstrasse.de\/wp-content\/uploads\/2024\/11\/IMG_5532-1152x1536.jpg 1152w, https:\/\/ggs-marienstrasse.de\/wp-content\/uploads\/2024\/11\/IMG_5532-1536x2048.jpg 1536w, https:\/\/ggs-marienstrasse.de\/wp-content\/uploads\/2024\/11\/IMG_5532-scaled.jpg 1920w\" sizes=\"(max-width: 768px) 100vw, 768px\" \/><\/a><\/figure>\n<\/figure>\n\n\n\n<p><strong>&#8222;Startpakete&#8220; f\u00fcr alle Klassen unserer Schule!<\/strong><br>Unsere Klassen haben Anfang November 2024 zwei B\u00fccher (<em>&#8222;Es ist doch nur Haut!&#8220;, von Dr. Nina Jablonski &amp; Dr. Holly Y. McGee und &#8222;Erstes Aufklappen und Verstehen: Was ist Rassismus?&#8220;, von Katie Daynes &amp; Jordan Akpojaro<\/em>), sowie &#8222;Hautfarben-Buntstifte&#8220; erhalten.  Wir w\u00fcnschen uns, dass unsere Sch\u00fclerinnen und Sch\u00fcler Menschen malen k\u00f6nnen, wie sie wirklich aussehen. Wir m\u00f6chten Repr\u00e4sentation und Vielfalt f\u00f6rdern, Verst\u00e4ndnis schaffen und veraltete, diskriminierende Sichtweisen aufbrechen. <br>Das Material konnten u.a. durch &#8222;<a href=\"https:\/\/www.km2-bildung.de\/aktuelles\/ein-jahr-voller-werte\/\" data-type=\"URL\" data-id=\"https:\/\/www.km2-bildung.de\/aktuelles\/ein-jahr-voller-werte\/\">Werte im Quadrat<\/a>&#8220; finanziert werden. <br><\/p>\n\n\n\n<p><strong>Update Fr\u00fchjahr 2026: <\/strong><\/p>\n\n\n\n<p>Als Mitglied im Netzwerk \u201eSchule ohne Rassismus &#8211; Schule mit Courage\u201c ist es uns wichtig Anti-Diskriminierungsarbeit dauerhaft in unseren Schulalltag zu integrieren. Neben einzelnen Festen, Projekten und Workshops, ist es uns ein Anliegen, dass alle Kinder an unserer Schule repr\u00e4sentiert werden und wir respektvoll und tolerant mit verschiedenen Familienmodellen und Lebensrealit\u00e4ten umgehen. Da Aufkl\u00e4rung und Sichtbarkeit Kinder und Erwachsene st\u00e4rken k\u00f6nnen, erhalten diese Woche alle Klassen unserer Schule zwei weitere B\u00fccher zum Thema Vielfalt und Antidiskriminierung f\u00fcr die Klassenbibliothek. Au\u00dferdem werden bereits vorhandene Sammlungen durch weitere \u201eHautfarbenbuntstifte\u201c erg\u00e4nzt. Finanziert werden konnte das Material durch den Erl\u00f6s unseres Spendenlaufs im vergangenen Schuljahr.<\/p>\n\n\n\n<div class=\"wp-block-columns is-layout-flex wp-container-11\">\n<div class=\"wp-block-column is-layout-flow\" style=\"flex-basis:100%\">\n<figure class=\"wp-block-image size-large\"><a href=\"https:\/\/ggs-marienstrasse.de\/wp-content\/uploads\/2026\/03\/IMG_2195-scaled.jpeg\"><img decoding=\"async\" loading=\"lazy\" width=\"768\" height=\"1024\" src=\"https:\/\/ggs-marienstrasse.de\/wp-content\/uploads\/2026\/03\/IMG_2195-768x1024.jpeg\" alt=\"\" class=\"wp-image-2710\" srcset=\"https:\/\/ggs-marienstrasse.de\/wp-content\/uploads\/2026\/03\/IMG_2195-768x1024.jpeg 768w, https:\/\/ggs-marienstrasse.de\/wp-content\/uploads\/2026\/03\/IMG_2195-225x300.jpeg 225w, https:\/\/ggs-marienstrasse.de\/wp-content\/uploads\/2026\/03\/IMG_2195-1152x1536.jpeg 1152w, https:\/\/ggs-marienstrasse.de\/wp-content\/uploads\/2026\/03\/IMG_2195-1536x2048.jpeg 1536w, https:\/\/ggs-marienstrasse.de\/wp-content\/uploads\/2026\/03\/IMG_2195-scaled.jpeg 1920w\" sizes=\"(max-width: 768px) 100vw, 768px\" \/><\/a><\/figure>\n<\/div>\n<\/div>\n\n\n\n<p>Ansprechpartnerin f\u00fcr das Projekt an unserer Schule:<strong> Frau Valentin<\/strong> (lisa.valentin@gs-marien.org)<\/p>\n\n\n\n<p><br><\/p>\n","protected":false},"excerpt":{"rendered":"<p>Nach unserer Projektwoche &#8222;Starke Kinder &#8211; gemeinsam gegen Diskriminierung &#8211; gemeinsam f\u00fcr mehr Toleranz&#8220;, m\u00f6chten wir nun Teil des Netzwerkes &#8222;Schule ohne Rassismus &#8211; Schule mit Courage&#8220; werden. Uns ist bewusst, dass dieses Label nicht automatisch daf\u00fcr sorgt, dass keine &hellip; <a href=\"https:\/\/ggs-marienstrasse.de\/?page_id=2494\">Weiterlesen <span class=\"meta-nav\">&rarr;<\/span><\/a><\/p>\n","protected":false},"author":5,"featured_media":0,"parent":0,"menu_order":0,"comment_status":"closed","ping_status":"closed","template":"","meta":{"ngg_post_thumbnail":0},"_links":{"self":[{"href":"https:\/\/ggs-marienstrasse.de\/index.php?rest_route=\/wp\/v2\/pages\/2494"}],"collection":[{"href":"https:\/\/ggs-marienstrasse.de\/index.php?rest_route=\/wp\/v2\/pages"}],"about":[{"href":"https:\/\/ggs-marienstrasse.de\/index.php?rest_route=\/wp\/v2\/types\/page"}],"author":[{"embeddable":true,"href":"https:\/\/ggs-marienstrasse.de\/index.php?rest_route=\/wp\/v2\/users\/5"}],"replies":[{"embeddable":true,"href":"https:\/\/ggs-marienstrasse.de\/index.php?rest_route=%2Fwp%2Fv2%2Fcomments&post=2494"}],"version-history":[{"count":12,"href":"https:\/\/ggs-marienstrasse.de\/index.php?rest_route=\/wp\/v2\/pages\/2494\/revisions"}],"predecessor-version":[{"id":2712,"href":"https:\/\/ggs-marienstrasse.de\/index.php?rest_route=\/wp\/v2\/pages\/2494\/revisions\/2712"}],"wp:attachment":[{"href":"https:\/\/ggs-marienstrasse.de\/index.php?rest_route=%2Fwp%2Fv2%2Fmedia&parent=2494"}],"curies":[{"name":"wp","href":"https:\/\/api.w.org\/{rel}","templated":true}]}}