{"id":2156,"date":"2023-03-13T15:04:46","date_gmt":"2023-03-13T15:04:46","guid":{"rendered":"http:\/\/ggs-marienstrasse.de\/?page_id=2156"},"modified":"2025-08-21T13:27:19","modified_gmt":"2025-08-21T13:27:19","slug":"einschulung-start-ins-schuljahr-2023-24","status":"publish","type":"page","link":"https:\/\/ggs-marienstrasse.de\/?page_id=2156","title":{"rendered":""},"content":{"rendered":"\n<h2 class=\"wp-block-heading\">Einschulung &#8211; Start ins Schuljahr 2025\/26<\/h2>\n\n\n\n<p>Die&nbsp;<strong>Einschulung der neuen Erstkl\u00e4ssler und Erstkl\u00e4sslerinnen<\/strong>&nbsp;findet am&nbsp;<strong>Donnerstag, den 28.08.2023<\/strong>&nbsp;statt. Wir beginnen den Tag um 9.30 Uhr mit einem \u00f6kumenischen Gottesdienst in der Friedhofskirche. Die Einschulung beginnt danach um&nbsp;<strong>10.20 Uhr auf dem Schulhof der Schusterstra\u00dfe<\/strong>. <\/p>\n\n\n\n<p>Der <strong>Elternabend<\/strong> f\u00fcr die neuen Erstkl\u00e4ssler und Erstkl\u00e4sslerinnen findet am 02.09.2025 um 18Uhr in den Klassenr\u00e4umen statt.<\/p>\n\n\n\n<p> <strong>In den ersten beiden Schulwochen nach den Sommerferien 27.08. \u2013 12.09.2025 findet der Unterricht f\u00fcr alle Kinder von 8 Uhr bis 11.35 Uhr statt.<\/strong> <\/p>\n","protected":false},"excerpt":{"rendered":"<p>Einschulung &#8211; Start ins Schuljahr 2025\/26 Die&nbsp;Einschulung der neuen Erstkl\u00e4ssler und Erstkl\u00e4sslerinnen&nbsp;findet am&nbsp;Donnerstag, den 28.08.2023&nbsp;statt. Wir beginnen den Tag um 9.30 Uhr mit einem \u00f6kumenischen Gottesdienst in der Friedhofskirche. Die Einschulung beginnt danach um&nbsp;10.20 Uhr auf dem Schulhof der Schusterstra\u00dfe. &hellip; <a href=\"https:\/\/ggs-marienstrasse.de\/?page_id=2156\">Weiterlesen <span class=\"meta-nav\">&rarr;<\/span><\/a><\/p>\n","protected":false},"author":5,"featured_media":0,"parent":0,"menu_order":0,"comment_status":"closed","ping_status":"closed","template":"","meta":{"ngg_post_thumbnail":0},"_links":{"self":[{"href":"https:\/\/ggs-marienstrasse.de\/index.php?rest_route=\/wp\/v2\/pages\/2156"}],"collection":[{"href":"https:\/\/ggs-marienstrasse.de\/index.php?rest_route=\/wp\/v2\/pages"}],"about":[{"href":"https:\/\/ggs-marienstrasse.de\/index.php?rest_route=\/wp\/v2\/types\/page"}],"author":[{"embeddable":true,"href":"https:\/\/ggs-marienstrasse.de\/index.php?rest_route=\/wp\/v2\/users\/5"}],"replies":[{"embeddable":true,"href":"https:\/\/ggs-marienstrasse.de\/index.php?rest_route=%2Fwp%2Fv2%2Fcomments&post=2156"}],"version-history":[{"count":11,"href":"https:\/\/ggs-marienstrasse.de\/index.php?rest_route=\/wp\/v2\/pages\/2156\/revisions"}],"predecessor-version":[{"id":2637,"href":"https:\/\/ggs-marienstrasse.de\/index.php?rest_route=\/wp\/v2\/pages\/2156\/revisions\/2637"}],"wp:attachment":[{"href":"https:\/\/ggs-marienstrasse.de\/index.php?rest_route=%2Fwp%2Fv2%2Fmedia&parent=2156"}],"curies":[{"name":"wp","href":"https:\/\/api.w.org\/{rel}","templated":true}]}}