{"id":21,"date":"2012-05-15T17:46:01","date_gmt":"2012-05-15T17:46:01","guid":{"rendered":"http:\/\/stoelting-klein.de\/business\/ggsm\/?page_id=21"},"modified":"2023-05-11T19:00:42","modified_gmt":"2023-05-11T19:00:42","slug":"verein","status":"publish","type":"page","link":"https:\/\/ggs-marienstrasse.de\/?page_id=21","title":{"rendered":"Schulverein"},"content":{"rendered":"<p><code><a href=\"http:\/\/stoelting-klein.de\/business\/ggsm\/wp-content\/uploads\/2012\/05\/Schulverein_Begr\u00fc\u00dfung.jpg\"><img decoding=\"async\" loading=\"lazy\" class=\"alignnone size-full wp-image-628\" style=\"border: 0px currentColor; margin-top: 0px; margin-bottom: 0px;\" src=\"http:\/\/stoelting-klein.de\/business\/ggsm\/wp-content\/uploads\/2012\/05\/Schulverein_Begr\u00fc\u00dfung.jpg\" alt=\"Schulverein_Begr\u00fc\u00dfung\" width=\"510\" height=\"228\" srcset=\"https:\/\/ggs-marienstrasse.de\/wp-content\/uploads\/2012\/05\/Schulverein_Begr\u00fc\u00dfung.jpg 510w, https:\/\/ggs-marienstrasse.de\/wp-content\/uploads\/2012\/05\/Schulverein_Begr\u00fc\u00dfung-300x134.jpg 300w, https:\/\/ggs-marienstrasse.de\/wp-content\/uploads\/2012\/05\/Schulverein_Begr\u00fc\u00dfung-500x223.jpg 500w\" sizes=\"(max-width: 510px) 100vw, 510px\" \/><\/a><\/code><\/p>\n<p>Der Schulverein hat sich zum Ziel gesetzt, die Schule und den offenen Ganztag dort zu unter\u00adst\u00fctzen, wo es Not tut. In enger Zusammenarbeit und mit der Hilfe engagierter Eltern und Lehrer unterst\u00fctzen wir die Anschaffung von Spielger\u00e4ten f\u00fcr die Schulh\u00f6fe sowie\u00ad die Durchf\u00fchrung von Projekten und schulische\u00ad Unternehmungen. Dabei finanzieren wir uns ausschlie\u00dflich \u00fcber Ihren Mitgliedsbeitrag, Spenden und Einnahmen aus Veranstaltungen, wie z.\u2009B. dem Schulfest. Mit einem Euro pro Monat (12\u20ac\/Jahr), oder gerne auch mehr, helfen Sie uns bereits bei der Umsetzung sinnvoller Aktionen, die immer den Kindern zu Gute kommen. Wir freuen uns nat\u00fcrlich auch \u00fcber tat\u00adkr\u00e4ftige Hilfe und Unterst\u00fctzung bei verschiedenen Aktionen (Feste, Versch\u00f6nerung von R\u00e4umen und Schulhof etc.) und Sport- oder Bastel-AGs.<\/p>\n<h1>Mitgliedschaft und\/oder Spende?<\/h1>\n<p>Jeder ist herzlich eingeladen, Mitglied zu werden. Geben Sie &gt;&gt; diese Anmeldung einfach dem\/der KlassenlehrerIn. Die Mitgliedschaft in unserem F\u00f6rderverein erlischt automatisch, wenn Ihr Kind die Grundschule Marienstra\u00dfe verl\u00e4sst. Vielleicht m\u00f6chten sie lieber etwas spenden? Dann \u00fcberweisen Sie Ihre Spende bitte auf das Konto\u00ad des Schulvereins. Als F\u00f6rderverein dienen wir \u201eausschlie\u00dflich und unmittelbar gemeinn\u00fctzigen Zwecken\u00ad\u201c. Die Spendenquittung kann beim Finanzamt vorgelegt werden.<\/p>\n<p>Bankverbindung:<br \/>\nSchulverein GGS Marienstra\u00dfe<br \/>\nIBAN DE14 3305 0000 0000 4676 62&nbsp;&nbsp;&nbsp;&nbsp;&nbsp; BIC&nbsp;&nbsp; WUPSDE33XXX<br \/>\n(Stadtsparkasse Wuppertal)<\/p>\n<p>Vorstand: Katharina Freiknecht, Christian N\u00f6lle, Anne Marioth<br \/>\nKontakt: <a href=\"mailto:schulverein@ggs-marienstrasse.de\" target=\"_blank\" rel=\"noopener\">schulverein@ggs-marienstrasse.de<\/a><\/p>\n<p>&nbsp;<\/p>\n","protected":false},"excerpt":{"rendered":"<p>Der Schulverein hat sich zum Ziel gesetzt, die Schule und den offenen Ganztag dort zu unter\u00adst\u00fctzen, wo es Not tut. In enger Zusammenarbeit und mit der Hilfe engagierter Eltern und Lehrer unterst\u00fctzen wir die Anschaffung von Spielger\u00e4ten f\u00fcr die Schulh\u00f6fe &hellip; <a href=\"https:\/\/ggs-marienstrasse.de\/?page_id=21\">Weiterlesen <span class=\"meta-nav\">&rarr;<\/span><\/a><\/p>\n","protected":false},"author":6,"featured_media":0,"parent":0,"menu_order":4,"comment_status":"closed","ping_status":"closed","template":"","meta":{"ngg_post_thumbnail":0},"_links":{"self":[{"href":"https:\/\/ggs-marienstrasse.de\/index.php?rest_route=\/wp\/v2\/pages\/21"}],"collection":[{"href":"https:\/\/ggs-marienstrasse.de\/index.php?rest_route=\/wp\/v2\/pages"}],"about":[{"href":"https:\/\/ggs-marienstrasse.de\/index.php?rest_route=\/wp\/v2\/types\/page"}],"author":[{"embeddable":true,"href":"https:\/\/ggs-marienstrasse.de\/index.php?rest_route=\/wp\/v2\/users\/6"}],"replies":[{"embeddable":true,"href":"https:\/\/ggs-marienstrasse.de\/index.php?rest_route=%2Fwp%2Fv2%2Fcomments&post=21"}],"version-history":[{"count":20,"href":"https:\/\/ggs-marienstrasse.de\/index.php?rest_route=\/wp\/v2\/pages\/21\/revisions"}],"predecessor-version":[{"id":2226,"href":"https:\/\/ggs-marienstrasse.de\/index.php?rest_route=\/wp\/v2\/pages\/21\/revisions\/2226"}],"wp:attachment":[{"href":"https:\/\/ggs-marienstrasse.de\/index.php?rest_route=%2Fwp%2Fv2%2Fmedia&parent=21"}],"curies":[{"name":"wp","href":"https:\/\/api.w.org\/{rel}","templated":true}]}}