{"id":2044,"date":"2022-09-10T11:09:20","date_gmt":"2022-09-10T11:09:20","guid":{"rendered":"http:\/\/ggs-marienstrasse.de\/?page_id=2044"},"modified":"2022-09-10T11:15:22","modified_gmt":"2022-09-10T11:15:22","slug":"schulobst-programm","status":"publish","type":"page","link":"https:\/\/ggs-marienstrasse.de\/?page_id=2044","title":{"rendered":"Schulobst-Programm"},"content":{"rendered":"\n<p>F\u00fcnfmal die Woche bekommen unsere Kinder frisches Obst in jeder Fr\u00fchst\u00fcckspause. <\/p>\n\n\n\n<p>Daf\u00fcr, dass das Ganze reibungslos klappt, sorgen ehrenamtliche Helfer:innen (Eltern und Stadtteilservice).<\/p>\n\n\n\n<p><\/p>\n\n\n\n<p>Weitere flei\u00dfige Helfer:innen sind herzlich willkommen! Sprechen Sie uns an.<\/p>\n\n\n\n<div class=\"wp-block-columns is-layout-flex wp-container-4\">\n<div class=\"wp-block-column is-layout-flow\">\n<figure class=\"wp-block-image\"><a href=\"https:\/\/ggs-marienstrasse.de\/wp-content\/uploads\/2021\/09\/unnamed-2.jpg\"><img decoding=\"async\" loading=\"lazy\" width=\"768\" height=\"1024\" src=\"https:\/\/ggs-marienstrasse.de\/wp-content\/uploads\/2021\/09\/unnamed-2-768x1024.jpg\" alt=\"\" class=\"wp-image-1766\" srcset=\"https:\/\/ggs-marienstrasse.de\/wp-content\/uploads\/2021\/09\/unnamed-2-768x1024.jpg 768w, https:\/\/ggs-marienstrasse.de\/wp-content\/uploads\/2021\/09\/unnamed-2-225x300.jpg 225w, https:\/\/ggs-marienstrasse.de\/wp-content\/uploads\/2021\/09\/unnamed-2-1152x1536.jpg 1152w, https:\/\/ggs-marienstrasse.de\/wp-content\/uploads\/2021\/09\/unnamed-2.jpg 1536w\" sizes=\"(max-width: 768px) 100vw, 768px\" \/><\/a><\/figure>\n<\/div>\n\n\n\n<div class=\"wp-block-column is-layout-flow\">\n<figure class=\"wp-block-image\"><a href=\"https:\/\/ggs-marienstrasse.de\/wp-content\/uploads\/2014\/12\/IMG-20140908-WA0002.jpg\"><img decoding=\"async\" loading=\"lazy\" width=\"300\" height=\"225\" src=\"https:\/\/ggs-marienstrasse.de\/wp-content\/uploads\/2014\/12\/IMG-20140908-WA0002-300x225.jpg\" alt=\"\" class=\"wp-image-657\" srcset=\"https:\/\/ggs-marienstrasse.de\/wp-content\/uploads\/2014\/12\/IMG-20140908-WA0002-300x225.jpg 300w, https:\/\/ggs-marienstrasse.de\/wp-content\/uploads\/2014\/12\/IMG-20140908-WA0002-1024x768.jpg 1024w, https:\/\/ggs-marienstrasse.de\/wp-content\/uploads\/2014\/12\/IMG-20140908-WA0002-400x300.jpg 400w, https:\/\/ggs-marienstrasse.de\/wp-content\/uploads\/2014\/12\/IMG-20140908-WA0002.jpg 1280w\" sizes=\"(max-width: 300px) 100vw, 300px\" \/><\/a><\/figure>\n<\/div>\n\n\n\n<div class=\"wp-block-column is-layout-flow\"><\/div>\n<\/div>\n\n\n\n<div class=\"wp-block-columns is-layout-flex wp-container-8\">\n<div class=\"wp-block-column is-layout-flow\" style=\"flex-basis:100%\">\n<div class=\"wp-block-columns is-layout-flex wp-container-6\">\n<div class=\"wp-block-column is-layout-flow\" style=\"flex-basis:100%\"><\/div>\n<\/div>\n<\/div>\n<\/div>\n","protected":false},"excerpt":{"rendered":"<p>F\u00fcnfmal die Woche bekommen unsere Kinder frisches Obst in jeder Fr\u00fchst\u00fcckspause. Daf\u00fcr, dass das Ganze reibungslos klappt, sorgen ehrenamtliche Helfer:innen (Eltern und Stadtteilservice). Weitere flei\u00dfige Helfer:innen sind herzlich willkommen! Sprechen Sie uns an.<\/p>\n","protected":false},"author":5,"featured_media":0,"parent":0,"menu_order":0,"comment_status":"closed","ping_status":"closed","template":"","meta":{"ngg_post_thumbnail":0},"_links":{"self":[{"href":"https:\/\/ggs-marienstrasse.de\/index.php?rest_route=\/wp\/v2\/pages\/2044"}],"collection":[{"href":"https:\/\/ggs-marienstrasse.de\/index.php?rest_route=\/wp\/v2\/pages"}],"about":[{"href":"https:\/\/ggs-marienstrasse.de\/index.php?rest_route=\/wp\/v2\/types\/page"}],"author":[{"embeddable":true,"href":"https:\/\/ggs-marienstrasse.de\/index.php?rest_route=\/wp\/v2\/users\/5"}],"replies":[{"embeddable":true,"href":"https:\/\/ggs-marienstrasse.de\/index.php?rest_route=%2Fwp%2Fv2%2Fcomments&post=2044"}],"version-history":[{"count":4,"href":"https:\/\/ggs-marienstrasse.de\/index.php?rest_route=\/wp\/v2\/pages\/2044\/revisions"}],"predecessor-version":[{"id":2054,"href":"https:\/\/ggs-marienstrasse.de\/index.php?rest_route=\/wp\/v2\/pages\/2044\/revisions\/2054"}],"wp:attachment":[{"href":"https:\/\/ggs-marienstrasse.de\/index.php?rest_route=%2Fwp%2Fv2%2Fmedia&parent=2044"}],"curies":[{"name":"wp","href":"https:\/\/api.w.org\/{rel}","templated":true}]}}