{"id":2012,"date":"2022-08-21T11:37:44","date_gmt":"2022-08-21T11:37:44","guid":{"rendered":"http:\/\/ggs-marienstrasse.de\/?page_id=2012"},"modified":"2025-08-21T13:32:45","modified_gmt":"2025-08-21T13:32:45","slug":"schulanmeldung","status":"publish","type":"page","link":"https:\/\/ggs-marienstrasse.de\/?page_id=2012","title":{"rendered":"Schulanmeldung 2026\/27"},"content":{"rendered":"\n<p>Liebe Eltern, liebe Erziehungsberechtigte,<\/p>\n\n\n\n<p>wir freuen uns, dass Sie ihr Kind an der Grundschule Marienstra\u00dfe anmelden m\u00f6chten. <\/p>\n\n\n\n<p>Unser <strong>Tag der offenen T\u00fcr<\/strong> findet am <strong>19.09.2025 von 10Uhr bis 11.35Uhr im Geb\u00e4ude Schusterstra\u00dfe<\/strong> statt.<\/p>\n\n\n\n<p>Die Anmeldungen f\u00fcr das <strong>Schuljahr 2026\/27<\/strong> finden dieses Jahr ausschlie\u00dflich nach <strong>vorheriger Terminvereinbarung<\/strong> statt!<\/p>\n\n\n\n<p>____________________________________________________________________________<br>Bitte vereinbaren Sie<strong> telefonisch einen Termin<\/strong> unter: <strong>0202\/ 563 \u2013 2601<\/strong>.<\/p>\n\n\n\n<p><strong>Unser Sekretariat ist zu folgenden Zeiten besetzt<\/strong>:<\/p>\n\n\n\n<p><strong>dienstags und donnerstags: 8.00 &#8211; 13.00 Uhr<\/strong> <br><em>Gerne k\u00f6nnen Sie auch au\u00dferhalb dieser Zeiten anrufen. Bitte beachten Sie jedoch, dass es unserem Team dann nicht immer m\u00f6glich ist Ihren Anruf entgegenzunehmen.<\/em><br>___________________________________________________________________________<\/p>\n\n\n\n<p>Unsere <strong>Anmeldezeiten<\/strong> sind <strong>vormittags<\/strong> in der Woche vom <strong>25.09. &#8211; 01.10.2025<\/strong><br><strong>oder <\/strong>nach individueller Vereinbarung.<\/p>\n\n\n\n<p><strong>Wichtig:<\/strong><\/p>\n\n\n\n<p>Bitte bringen Sie<strong> Ihr Kind <\/strong>und<strong> folgende Unterlagen <\/strong>zur Anmeldung mit:<\/p>\n\n\n\n<ul>\n<li>Ihren Ausweis und die Geburtsurkunde des Kindes<\/li>\n\n\n\n<li>Impfausweis und evtl. \u00e4rztliche Unterlagen<\/li>\n\n\n\n<li>Brief der Stadt Wuppertal zur Schulanmeldung (bunte Zettel)<\/li>\n<\/ul>\n\n\n\n<p><\/p>\n\n\n\n<p><\/p>\n","protected":false},"excerpt":{"rendered":"<p>Liebe Eltern, liebe Erziehungsberechtigte, wir freuen uns, dass Sie ihr Kind an der Grundschule Marienstra\u00dfe anmelden m\u00f6chten. Unser Tag der offenen T\u00fcr findet am 19.09.2025 von 10Uhr bis 11.35Uhr im Geb\u00e4ude Schusterstra\u00dfe statt. Die Anmeldungen f\u00fcr das Schuljahr 2026\/27 finden &hellip; <a href=\"https:\/\/ggs-marienstrasse.de\/?page_id=2012\">Weiterlesen <span class=\"meta-nav\">&rarr;<\/span><\/a><\/p>\n","protected":false},"author":5,"featured_media":0,"parent":0,"menu_order":0,"comment_status":"closed","ping_status":"closed","template":"","meta":{"ngg_post_thumbnail":0},"_links":{"self":[{"href":"https:\/\/ggs-marienstrasse.de\/index.php?rest_route=\/wp\/v2\/pages\/2012"}],"collection":[{"href":"https:\/\/ggs-marienstrasse.de\/index.php?rest_route=\/wp\/v2\/pages"}],"about":[{"href":"https:\/\/ggs-marienstrasse.de\/index.php?rest_route=\/wp\/v2\/types\/page"}],"author":[{"embeddable":true,"href":"https:\/\/ggs-marienstrasse.de\/index.php?rest_route=\/wp\/v2\/users\/5"}],"replies":[{"embeddable":true,"href":"https:\/\/ggs-marienstrasse.de\/index.php?rest_route=%2Fwp%2Fv2%2Fcomments&post=2012"}],"version-history":[{"count":12,"href":"https:\/\/ggs-marienstrasse.de\/index.php?rest_route=\/wp\/v2\/pages\/2012\/revisions"}],"predecessor-version":[{"id":2642,"href":"https:\/\/ggs-marienstrasse.de\/index.php?rest_route=\/wp\/v2\/pages\/2012\/revisions\/2642"}],"wp:attachment":[{"href":"https:\/\/ggs-marienstrasse.de\/index.php?rest_route=%2Fwp%2Fv2%2Fmedia&parent=2012"}],"curies":[{"name":"wp","href":"https:\/\/api.w.org\/{rel}","templated":true}]}}