{"id":15,"date":"2012-05-15T17:44:19","date_gmt":"2012-05-15T17:44:19","guid":{"rendered":"http:\/\/stoelting-klein.de\/business\/ggsm\/?page_id=15"},"modified":"2026-01-15T15:07:47","modified_gmt":"2026-01-15T15:07:47","slug":"kontakt","status":"publish","type":"page","link":"https:\/\/ggs-marienstrasse.de\/?page_id=15","title":{"rendered":"Kontakt"},"content":{"rendered":"<p>Gemeinschaftsgrundschule Marienstra\u00dfe<br>Marienstra\u00dfe 64, 42105 Wuppertal<br>Tel: <strong>0202\/ 563 &#8211; 2601<\/strong>, Fax: 0202\/302472<br>Zweigstelle Schusterstra\u00dfe: 0202\/5632374<br><a href=\"mailto:gs.marienstrasse@stadt.wuppertal.de\">gs.marienstrasse@stadt.wuppertal.de<\/a><\/p>\n<p>Schulleiterin: Frau Oppermann<br>Konrektorin: Frau Kleinhubbert<\/p>\n<p>In der <strong>Marienstra\u00dfe 64<\/strong> befinden sich die <strong>Klassen 3 und 4<\/strong><br>sowie das <strong>Schulleitungsb\u00fcro<\/strong>, unseren <strong>Hausmeister <\/strong>und das&nbsp;<strong>Sekretariat<\/strong>.<br>Unsere Sekret\u00e4rin <strong>Frau Focke<\/strong> erreichen Sie<br><strong>dienstags<\/strong> zwischen 7.00 Uhr und 13.30 Uhr und <strong>donnerstags<\/strong> zwischen 7.00 Uhr und 15.30 Uhr<\/p>\n<p>Die <strong>1. und 2. Klassen<\/strong> befinden sich in der <strong>Schusterstra\u00dfe 25<\/strong>,<br>auf der anderen Seite des Schusterplatzes.&nbsp;<br>Auch alle Gruppen des <strong>Offenen Ganztags<\/strong> sind dort untergebracht, telefonisch erreichbar<br>unter: <strong>0202\/ 563 &#8211; 2374<\/strong><\/p>\n\n\n<p><strong>Anfragen f\u00fcr Praktika und Praxissemester richten Sie bitte per Mail an: <br><\/strong>Nicole Lindemann: nicole.lindemann@gs-marien.org<\/p>\n\n\n\n<p class=\"has-light-gray-background-color has-background\"><\/p>\n\n\n\n<p class=\"has-light-gray-background-color has-background\"><\/p>\n\n\n\n<p><\/p>\n\n\n\n<p><\/p>\n\n\n\n<p class=\"has-medium-gray-color has-text-color has-small-font-size\"><strong>Er\u00f6ffnung des elektronischen Zugangs \u2013 Rahmenbedingungen f\u00fcr die Kommunikation und \u00dcbermittlung von Dokumenten auf elektronischem Weg an die Grundschule Marienstra\u00dfe<\/strong><\/p>\n\n\n\n<p class=\"has-medium-gray-color has-text-color has-small-font-size\">Der Zugang f\u00fcr die \u00dcbersendung (Empfang) elektronischer Dokumente an die<strong> <em>Grundschule Marienstra\u00dfe<\/em><\/strong>(im weiteren nur Schule) wird gem\u00e4\u00df \u00a7 3a Abs. 1 Verwaltungsverfahrensgesetz NRW (VwVfG NRW) sowie \u00a7 3 Abs. 1 des Gesetzes zur F\u00f6rderung der elektronischen Verwaltung (EGovG NRW) wie folgt er\u00f6ffnet:<\/p>\n\n\n\n<ol type=\"1\">\n<li class=\"has-small-font-size\"><strong>Zugangser\u00f6ffnung f\u00fcr <\/strong><strong>formlose elektronische Dokumente und verschl\u00fcsselte E-Mails \u00fcber die E-Mail-Adresse <em>gs.marienstrasse@stadt.wuppertal.de<\/em><\/strong><\/li>\n<\/ol>\n\n\n\n<p class=\"has-medium-gray-color has-text-color has-small-font-size\">F\u00fcr die sichere \u00dcbermittlung von formlosem Schriftverkehr an unsere Schule k\u00f6nnen Sie verschl\u00fcsselte E-Mails an <strong><em><a href=\"mailto:gs.marienstrasse@stadt.wuppertal.de\">gs.marienstrasse@stadt.wuppertal.de<\/a> <\/em><\/strong>versenden.<\/p>\n\n\n\n<p class=\"has-medium-gray-color has-text-color has-small-font-size\">Um E-Mails verschl\u00fcsseln zu k\u00f6nnen, ben\u00f6tigen Sie unseren \u00f6ffentlichen Schl\u00fcssel. Diesen erhalten Sie \u00fcber folgenden Link<em>: https:\/\/openkeys.de<\/em><\/p>\n\n\n\n<p class=\"has-medium-gray-color has-text-color has-small-font-size\">Wenn Sie eine verschl\u00fcsselte Mail an die vorgenannte Adresse schicken, wird diese entschl\u00fcsselt und ggfls. innerhalb der Schule unverschl\u00fcsselt an die zust\u00e4ndige Person weitergeleitet.<\/p>\n\n\n\n<p class=\"has-medium-gray-color has-text-color has-small-font-size\">Beachten Sie, dass wir nicht mit verschl\u00fcsselten E-Mails antworten k\u00f6nnen. Damit wir auf Ihre Nachricht unter Wahrung der Schriftform und unter Ber\u00fccksichtigung der rechtlichen &#8211; insbesondere datenschutzrechtlichen &#8211; Anforderungen antworten k\u00f6nnen, geben Sie bitte in Ihrer Nachricht stets auch Ihre Postanschrift an.<\/p>\n\n\n\n<p class=\"has-medium-gray-color has-text-color has-small-font-size\">\u00dcber die genannte Adresse k\u00f6nnen Sie auch formlos (d.h. sofern keine Schriftform oder andere Form f\u00fcr die Erkl\u00e4rung vorgegeben ist) und unverschl\u00fcsselt mit uns elektronisch kommunizieren. Innerhalb der Schule wird Ihre E-Mail ggf. an die zust\u00e4ndige Person weitergeleitet.<\/p>\n\n\n\n<p class=\"has-small-font-size\"><strong>Die Schule er\u00f6ffnet diesen Zugang f\u00fcr verschl\u00fcsselte E-Mails eingeschr\u00e4nkt unter folgenden Bedingungen:<\/strong><\/p>\n\n\n\n<p class=\"has-small-font-size\"><strong>Dateianh\u00e4nge<\/strong><\/p>\n\n\n\n<p class=\"has-medium-gray-color has-text-color has-small-font-size\">Werden Dateianh\u00e4nge versandt, so ist zu beachten, dass die Schule nicht alle auf dem Markt g\u00e4ngigen Dateiformate und Anwendungen unterst\u00fctzen kann. Sollte das von Ihnen \u00fcbermittelte Dokument durch uns nicht zur Bearbeitung geeignet sein, teilen wir Ihnen dies unter Angabe der geltenden technischen Rahmenbedingungen unverz\u00fcglich mit.<\/p>\n\n\n\n<p class=\"has-small-font-size\"><strong>Dateiformate<\/strong><\/p>\n\n\n\n<p class=\"has-small-font-size\">Folgende g\u00e4ngige Dateiformate werden aktuell unterst\u00fctzt:<\/p>\n\n\n\n<p class=\"has-small-font-size\">F\u00fcr Dokumente:<\/p>\n\n\n\n<p class=\"has-small-font-size\">\u2013 PDF (Portable Document Format)<\/p>\n\n\n\n<p class=\"has-small-font-size\">F\u00fcr Bilder:<\/p>\n\n\n\n<p class=\"has-small-font-size\"><strong>Dateigr\u00f6\u00dfe<\/strong><\/p>\n\n\n\n<p class=\"has-medium-gray-color has-text-color has-small-font-size\">Die Gr\u00f6\u00dfe der \u00fcbertragenen verschl\u00fcsselten E-Mail inklusive Dateianh\u00e4nge ist auf ein Datenvolumen von max. 25MB beschr\u00e4nkt. Gr\u00f6\u00dfere E-Mails werden nicht angenommen.<\/p>\n\n\n\n<p class=\"has-small-font-size\"><strong>Weitere Einschr\u00e4nkungen<\/strong><\/p>\n\n\n\n<p class=\"has-medium-gray-color has-text-color has-small-font-size\">Dateien, die mit einem Kennwort verschl\u00fcsselt sind oder solche, die selbst ausf\u00fchrbar sind beziehungsweise ausf\u00fchrbare Bestandteile enthalten (zum Beispiel mit den Dateiendungen *.exe und *.bat- sowie Office-Dateien mit Makros), werden nicht entgegengenommen.<\/p>\n\n\n\n<p class=\"has-medium-gray-color has-text-color has-small-font-size\">Sollte die E-Mail bzw. enthaltene Dateianh\u00e4nge, die Sie uns \u00fcbersenden, von Virenschutzprogrammen als infiziert erkannt werden, k\u00f6nnen diese nicht angenommen werden. In diesem Fall wird die E-Mail ungelesen gel\u00f6scht.<\/p>\n\n\n\n<p class=\"has-medium-gray-color has-text-color has-small-font-size\">Des Weiteren behalten wir uns vor, offensichtliche Spam-E-Mails nicht anzunehmen oder zu l\u00f6schen.<\/p>\n\n\n\n<p class=\"has-medium-gray-color has-text-color has-small-font-size\"><strong>Zus\u00e4tzliche Hinweise<\/strong><\/p>\n\n\n\n<p class=\"has-medium-gray-color has-text-color has-small-font-size\">Bitte beachten Sie, dass unverschl\u00fcsselte E-Mails auf ihrem Weg durch das Internet von Dritten abgefangen, gelesen oder ge\u00e4ndert werden k\u00f6nnen, ohne dass Absender und Empf\u00e4nger der E-Mail dies bemerken.<\/p>\n\n\n\n<ul>\n<li class=\"has-small-font-size\">Sollte durch Rechtsvorschrift die Schriftform f\u00fcr bestimmte Erkl\u00e4rungen angeordnet werden, w\u00e4re grunds\u00e4tzlich eine eigenh\u00e4ndige Unterschrift Ihrerseits notwendig. In diesem Fall w\u00fcrde eine einfache E-Mail, ein einfaches elektronisches Dokument aber auch die \u00dcbersendung eines einfachen Scans (PDF), eines handschriftlich unterzeichneten Dokuments nicht den rechtlichen Anforderungen an die Schriftform gen\u00fcgen. Eine entsprechende Erkl\u00e4rung w\u00e4re nicht wirksam und w\u00fcrde bei gesetzlichen Fristen insoweit die Frist nicht wahren.<\/li>\n\n\n\n<li class=\"has-small-font-size\">Wenn uns Ihre Mail nicht zugestellt werden kann und Sie eine R\u00fcckweisung erhalten, nehmen Sie bitte telefonisch Kontakt zu uns auf.<\/li>\n\n\n\n<li class=\"has-small-font-size\">Wir werden Ihnen in der Regel auf diesem Weg, d.h. ebenfalls mittels einfacher E-Mail, auf Ihr Anliegen antworten, sofern nicht tats\u00e4chliche oder rechtliche Hinderungsgr\u00fcnde bestehen. Dies ist etwa der Fall, wenn die E-Mail keine nat\u00fcrliche oder juristische Person erkennen l\u00e4sst. Wir bitten um Verst\u00e4ndnis, dass anonyme E-Mails nicht beantwortet werden k\u00f6nnen.<\/li>\n\n\n\n<li class=\"has-small-font-size\">Eine weitere Einschr\u00e4nkung gilt f\u00fcr den Fall, dass unsere Antwort d.h. das von uns zu \u00fcbersendende Dokument der Schriftform bedarf oder eine f\u00f6rmliche Zustellung erfordert. Eine \u00dcbersendung mittels einfacher E-Mail ist dann nicht m\u00f6glich. Damit wir auf Ihre Nachricht unter Wahrung der Schriftform antworten k\u00f6nnen, geben Sie bitte in Ihrer Nachricht (E-Mail) stets Ihre Postanschrift an.<\/li>\n\n\n\n<li class=\"has-small-font-size\">Gleiches gilt u.a. aus Gr\u00fcnden des Datenschutzes auch f\u00fcr den Fall, dass unsere R\u00fcckantwort die \u00dcbersendung von Dokumenten mit personenbezogenen oder aus sonstigen Gr\u00fcnden sch\u00fctzenswerten Daten etc. enth\u00e4lt. Hier muss nicht nur eine m\u00f6gliche Kenntnisnahme oder Verf\u00e4lschung durch Dritte auf dem \u00dcbermittlungsweg ausgeschlossen, sondern auch sichergestellt werden, dass die Antwort auch nur dem wirklich berechtigten Empf\u00e4nger \u00fcbermittelt wird. Auch aus diesen Gr\u00fcnden kommt daher eine R\u00fcckantwort mittels einfacher E-Mail nicht in Betracht.<\/li>\n<\/ul>\n\n\n\n<p class=\"has-small-font-size\"><strong>Zus\u00e4tzliche Hinweise zum Thema Verschl\u00fcsselung<\/strong><strong> <\/strong><em>&nbsp;<\/em><\/p>\n\n\n\n<p class=\"has-medium-gray-color has-text-color has-small-font-size\">Um verschl\u00fcsselte E-Mails sicher versenden und erhalten zu k\u00f6nnen, ist es n\u00f6tig, dass Sie und die Schule \u00fcber die passenden Schl\u00fcssel bzw. Zertifikate verf\u00fcgen. Dazu muss von jeder Partei einmalig ein zusammengeh\u00f6riges Schl\u00fcsselpaar erzeugt werden.<\/p>\n\n\n\n<p class=\"has-medium-gray-color has-text-color has-small-font-size\">Jedes Schl\u00fcsselpaar besteht aus einem \u00f6ffentlichen Schl\u00fcssel, der dem jeweiligen Kommunikationspartner zur Verschl\u00fcsselung von Nachrichten an den Schl\u00fcsselinhaber dient, sowie einem privaten Schl\u00fcssel, der nur dem Schl\u00fcsselinhaber bekannt ist und mit dem die Entschl\u00fcsselung von eingehenden und (optional) das Signieren von ausgehenden Nachrichten m\u00f6glich ist.<\/p>\n\n\n\n<p class=\"has-medium-gray-color has-text-color has-small-font-size\">F\u00fchren Sie dazu folgende Schritte aus:<\/p>\n\n\n\n<ul>\n<li class=\"has-small-font-size\">Laden Sie zun\u00e4chst unseren \u00f6ffentlichen Schl\u00fcssel herunter und speichern Sie ihn auf Ihrer Festplatte ab.<\/li>\n\n\n\n<li class=\"has-small-font-size\">Binden Sie unseren \u00f6ffentlichen Schl\u00fcssel in Ihre Mail-Anwendung ein. Legen Sie dazu &#8211; je nach Mail-Programm &#8211; einen Kontakt oder einen anderen Adressbucheintrag f\u00fcr unsere sec-Adresse <strong><em><a href=\"mailto:gs.marienstrasse@stadt.wuppertal.de\">gs.marienstrasse@stadt.wuppertal.de<\/a> <\/em><\/strong>an und ordnen Sie den abgespeicherten \u00f6ffentlichen Schl\u00fcssel diesem Eintrag zu.<\/li>\n\n\n\n<li class=\"has-small-font-size\">Beim Erstellen der E-Mail w\u00e4hlen Sie die Option, dass Sie die E-Mail verschl\u00fcsselt versenden m\u00f6chten. Das Mailprogramm verschl\u00fcsselt daraufhin Ihre Nachricht mit dem \u00f6ffentlichen Schl\u00fcssel der Schule.<\/li>\n\n\n\n<li class=\"has-small-font-size\">Wir entschl\u00fcsseln nach Erhalt Ihre Mail mit dem nur uns bekannten privaten Schl\u00fcssel unserer Schule, so dass sie f\u00fcr uns lesbar wird.<\/li>\n<\/ul>\n\n\n\n<p class=\"has-small-font-size\">N\u00e4here Informationen zu E-Mail-Verschl\u00fcsselung bzw. zur Einbindung und Nutzung von Zertifikaten entnehmen Sie bitte dem Benutzerhandbuch Ihres E-Mail-Programms.<\/p>\n\n\n\n<ul>\n<li class=\"has-small-font-size\"><strong>Zugangser\u00f6ffnung f\u00fcr E-Mails mit qualifiziert elektronisch signierten Dokumenten \u00fcber die E-Mail-Adresse <em><a href=\"mailto:gs.marienstrasse@stadt.wuppertal.de\">gs.marienstrasse@stadt.wuppertal.de<\/a><\/em><\/strong><\/li>\n<\/ul>\n\n\n\n<p class=\"has-small-font-size\">Besteht durch eine Rechtsvorschrift die Verpflichtung zur Einhaltung der Schriftform, so kann \u2013 soweit nicht durch Rechtsvorschrift etwas anderes bestimmt ist &#8211; diese Schriftform d.h. die handschriftliche Unterschrift durch die elektronische Form (\u00a7 3a Abs. 2 VwVfG NRW) ersetzt werden. Der elektronischen Form gen\u00fcgt ein elektronisches Dokument, das mit einer qualifizierten elektronischen Signatur (QES) versehen ist und auf elektronischem Weg \u00fcbermittelt wird.<\/p>\n\n\n\n<p class=\"has-small-font-size\">F\u00fcr den formgebundenen Schriftverkehr an unsere Schule k\u00f6nnen Sie qualifiziert elektronisch signierte (QES) Dokumente per E-Mail an<\/p>\n\n\n\n<p class=\"has-small-font-size\"><strong><em><a href=\"mailto:gs.marienstrasse@stadt.wuppertal.de\">gs.marienstrasse@stadt.wuppertal.de<\/a> <\/em><\/strong>senden.<\/p>\n\n\n\n<p class=\"has-small-font-size\">Wenn Sie uns ein Dokument mit QES schicken, wird dieses nach Pr\u00fcfung im Posteingang innerhalb der Schule an die zust\u00e4ndige Person weitergeleitet.<\/p>\n\n\n\n<p class=\"has-small-font-size\">Beachten Sie bitte, dass wir nicht mit qualifiziert elektronisch signierten Dokumenten antworten k\u00f6nnen. Damit wir auf Ihre Nachricht unter Wahrung der Schriftform und unter Ber\u00fccksichtigung der rechtlichen \u2013 insbesondere datenschutzrechtlichen \u2013 Anforderungen antworten k\u00f6nnen, geben Sie bitte in Ihrer Nachricht (E-Mail) stets auch Ihre Postanschrift an.<\/p>\n\n\n\n<p class=\"has-small-font-size\"><strong>Die Schule er\u00f6ffnet diesen Zugang f\u00fcr Dokumente mit QES eingeschr\u00e4nkt unter folgenden Bedingungen:<\/strong><\/p>\n\n\n\n<p class=\"has-small-font-size\"><strong>Dateianh\u00e4nge<\/strong><\/p>\n\n\n\n<p class=\"has-small-font-size\">Werden Dateien mit QES an die Schule versandt, so ist zu beachten, dass die Schule nicht alle auf dem Markt g\u00e4ngigen Dateiformate und Anwendungen unterst\u00fctzen kann. Sollte das von Ihnen \u00fcbermittelte Dokument durch uns nicht zur Bearbeitung geeignet sein, teilen wir Ihnen dies unter Angabe der f\u00fcr geltenden technischen Rahmenbedingungen unverz\u00fcglich mit.<\/p>\n\n\n\n<p class=\"has-small-font-size\"><strong>Dateiformate<\/strong><\/p>\n\n\n\n<p>Folgende g\u00e4ngige Dateiformate werden aktuell unterst\u00fctzt:<\/p>\n\n\n\n<p class=\"has-small-font-size\">F\u00fcr Dokumente:<\/p>\n\n\n\n<p class=\"has-small-font-size\">\u2013 PDF (Portable Document Format) [ggf. Konkretisierung auf eine bestimmte PDF-Version; z.B. PDF 2.0]<\/p>\n\n\n\n<p class=\"has-small-font-size\">Dateigr\u00f6\u00dfe<\/p>\n\n\n\n<p class=\"has-small-font-size\">Die Gr\u00f6\u00dfe der \u00fcbertragenen verschl\u00fcsselten E-Mail inklusive Dateianh\u00e4nge ist auf ein Datenvolumen von max. 25MB beschr\u00e4nkt. Gr\u00f6\u00dfere E-Mails werden nicht angenommen.<\/p>\n\n\n\n<p class=\"has-small-font-size\"><strong>Weitere Einschr\u00e4nkungen<\/strong><\/p>\n\n\n\n<p class=\"has-small-font-size\">Dateien, die mit einem Kennwort verschl\u00fcsselt sind oder solche, die selbst ausf\u00fchrbar sind beziehungsweise ausf\u00fchrbare Bestandteile enthalten (zum Beispiel mit den Dateiendungen *.exe und *.bat- sowie Office-Dateien mit Makros), werden nicht entgegengenommen.<\/p>\n\n\n\n<p class=\"has-small-font-size\">Sollte die Datei bzw. die Dateien, welche Sie der Schule \u00fcbersenden, von Virenschutzprogrammen als infiziert erkannt werden, k\u00f6nnen diese nicht angenommen werden. In diesem Fall wird die Nachricht ungelesen gel\u00f6scht. Des Weiteren behalten wir uns vor, offensichtliche<\/p>\n","protected":false},"excerpt":{"rendered":"<p>Gemeinschaftsgrundschule Marienstra\u00dfeMarienstra\u00dfe 64, 42105 WuppertalTel: 0202\/ 563 &#8211; 2601, Fax: 0202\/302472Zweigstelle Schusterstra\u00dfe: 0202\/5632374gs.marienstrasse@stadt.wuppertal.de Schulleiterin: Frau OppermannKonrektorin: Frau Kleinhubbert In der Marienstra\u00dfe 64 befinden sich die Klassen 3 und 4sowie das Schulleitungsb\u00fcro, unseren Hausmeister und das&nbsp;Sekretariat.Unsere Sekret\u00e4rin Frau Focke erreichen Siedienstags &hellip; <a href=\"https:\/\/ggs-marienstrasse.de\/?page_id=15\">Weiterlesen <span class=\"meta-nav\">&rarr;<\/span><\/a><\/p>\n","protected":false},"author":6,"featured_media":0,"parent":0,"menu_order":9,"comment_status":"closed","ping_status":"closed","template":"","meta":{"ngg_post_thumbnail":0},"_links":{"self":[{"href":"https:\/\/ggs-marienstrasse.de\/index.php?rest_route=\/wp\/v2\/pages\/15"}],"collection":[{"href":"https:\/\/ggs-marienstrasse.de\/index.php?rest_route=\/wp\/v2\/pages"}],"about":[{"href":"https:\/\/ggs-marienstrasse.de\/index.php?rest_route=\/wp\/v2\/types\/page"}],"author":[{"embeddable":true,"href":"https:\/\/ggs-marienstrasse.de\/index.php?rest_route=\/wp\/v2\/users\/6"}],"replies":[{"embeddable":true,"href":"https:\/\/ggs-marienstrasse.de\/index.php?rest_route=%2Fwp%2Fv2%2Fcomments&post=15"}],"version-history":[{"count":23,"href":"https:\/\/ggs-marienstrasse.de\/index.php?rest_route=\/wp\/v2\/pages\/15\/revisions"}],"predecessor-version":[{"id":2694,"href":"https:\/\/ggs-marienstrasse.de\/index.php?rest_route=\/wp\/v2\/pages\/15\/revisions\/2694"}],"wp:attachment":[{"href":"https:\/\/ggs-marienstrasse.de\/index.php?rest_route=%2Fwp%2Fv2%2Fmedia&parent=15"}],"curies":[{"name":"wp","href":"https:\/\/api.w.org\/{rel}","templated":true}]}}