{"id":139,"date":"2013-01-10T10:35:09","date_gmt":"2013-01-10T10:35:09","guid":{"rendered":"http:\/\/ggs-marienstrasse.de\/?page_id=139"},"modified":"2023-03-13T15:01:21","modified_gmt":"2023-03-13T15:01:21","slug":"angebote","status":"publish","type":"page","link":"https:\/\/ggs-marienstrasse.de\/?page_id=139","title":{"rendered":"Angebote"},"content":{"rendered":"\n<p><strong>Was es bei uns alles gibt:<\/strong><\/p>\n\n\n\n<ol><li>Ganztagsangebot mit 125 Pl\u00e4tzen und vielen Arbeits- und Spielgruppen sowie eigener Mensa<br><\/li><li>Zwei Schulgeb\u00e4ude<br><\/li><li>Zwei Schulh\u00f6fe mit vielf\u00e4ltigen Sport- und Spielger\u00e4ten <br><\/li><li>Zwei Schulbibliotheken<br><\/li><li>Zwei Turnhallen<br><\/li><li>Schulobstprogramm <a href=\"https:\/\/ggs-marienstrasse.de\/?page_id=2044\">hier<\/a><br><\/li><li>Singpause  <a href=\"https:\/\/ggs-marienstrasse.de\/?page_id=2056\">hier<\/a><br><\/li><li>Hausaufgabenbetreuung f\u00fcr nicht-OGS Kinder <a href=\"https:\/\/ggs-marienstrasse.de\/?page_id=2047\">hier<\/a><br><\/li><li>Verschiedene AG\u2019s am Nachmittag <br>(z. B. Fu\u00dfball, Leichtathletik, Schwimmen, Calliope, Experimente, Gitarren-AG, uvm.)  <a href=\"https:\/\/ggs-marienstrasse.de\/?page_id=2032\">hier<\/a><br><\/li><li>Vielf\u00e4ltige Aktionen: <a href=\"https:\/\/ggs-marienstrasse.de\/?page_id=696\" data-type=\"URL\" data-id=\"https:\/\/ggs-marienstrasse.de\/?page_id=696\">hier<\/a><br>&#8211; Regelm\u00e4\u00dfige Theaterbesuche oder andere kulturelle Angebote <br>&#8211; regelm\u00e4\u00dfige Teilnahme an Wettbewerben (Mathematik, Fu\u00dfball, Schwimmen, Leichtathletik \u2026) <br><\/li><li>Bewegte Schule <a href=\"https:\/\/ggs-marienstrasse.de\/?page_id=536\">hier<\/a> und Life Kinetik Partnerschule <a href=\"https:\/\/ggs-marienstrasse.de\/?page_id=115\" data-type=\"URL\" data-id=\"https:\/\/ggs-marienstrasse.de\/?page_id=115\">hier<\/a><br><\/li><li>Projektwochen<br><\/li><li>Herkunftssprachlicher Unterricht in T\u00fcrkisch<br><\/li><li>J\u00e4hrliches Schulfest<br><\/li><li>Kooperationen mit Schulen und Einrichtungen des Stadtteils <br>(z. B. Altenheim Lutherstift, Projektwoche, Arbeitskreis Nordstadt, \u00d6lbergfest, Der Berg liest)<br><\/li><li>Kooperationen mit Sportvereinen <br>(u.a. Leichtathletik Club Wuppertal, MTV Elberfeld Handball)<br><\/li><li>Projekte zur Pr\u00e4vention von Gewalt und zur St\u00e4rkung des Selbstbewusstseins<br>u.a. \u201eMein K\u00f6rper geh\u00f6rt mir\u201c, \u201eNur Mut\u201c<br><\/li><li>Sponsorenl\u00e4ufe, Teilnahme am Wuppertaler Volkslauf<br><\/li><\/ol>\n\n\n\n<p>16. Eigener Schulgarten auf dem \u00d6lberg<\/p>\n\n\n\n<figure class=\"wp-block-image\"><a href=\"https:\/\/ggs-marienstrasse.de\/wp-content\/uploads\/2015\/05\/20150509_115602.jpg\"><img decoding=\"async\" loading=\"lazy\" width=\"300\" height=\"225\" src=\"https:\/\/ggs-marienstrasse.de\/wp-content\/uploads\/2015\/05\/20150509_115602-300x225.jpg\" alt=\"\" class=\"wp-image-852\" srcset=\"https:\/\/ggs-marienstrasse.de\/wp-content\/uploads\/2015\/05\/20150509_115602-300x225.jpg 300w, https:\/\/ggs-marienstrasse.de\/wp-content\/uploads\/2015\/05\/20150509_115602-1024x768.jpg 1024w, https:\/\/ggs-marienstrasse.de\/wp-content\/uploads\/2015\/05\/20150509_115602-400x300.jpg 400w\" sizes=\"(max-width: 300px) 100vw, 300px\" \/><\/a><\/figure>\n\n\n\n<p>17. Das Projekt &#8222;Ein Quadratkilometer Bildung&#8220;<\/p>\n\n\n\n<p>Das Projekt Quadratkilometer Bildung ist eine Bildungsinitiative in der Nordstadt, an der die Gemeinschaftsgrundschule Marienstra\u00dfe \u2013 als \u201eSchl\u00fcsselschule\u201c des gesamten Projektes&nbsp; beteiligt ist. Ziel dieses Projektes ist es, die Bildungschancen von Kindern mit Migrationshintergrund zu verbessern. Den Kindern werden zus\u00e4tzlich zur schulischen F\u00f6rderung Angebote gemacht, um ihre sprachliche Kompetenz weiter zu entwickeln. Dieses Projekt l\u00e4uft an der GGS Marienstra\u00dfe seit Jahren erfolgreich. <\/p>\n\n\n\n<p>Seit dem Schuljahr 2013\/14 gibt es an unserer Schule ein gro\u00dfes Matheprojekt \u201eKalkulie\u201c. Hier geht es darum, die Erstkl\u00e4ssler zu unterst\u00fctzen, die Lernl\u00fccken oder Lernentwicklungsverz\u00f6gerungen im Lernbereich Mathematik haben.<\/p>\n\n\n\n<p>Weitere Infos finden Sie <a href=\"https:\/\/www.wuppertal.de\/rathaus-buergerservice\/soziales_gesellschaft\/zuwanderung_integration\/102370100000235703.php\" target=\"_blank\" rel=\"noopener\"><strong>&gt;&gt; hier<\/strong> <\/a>und <strong><a href=\"http:\/\/www.ein-quadratkilometer-bildung.eu\/\" target=\"_blank\" rel=\"noopener\">&gt;&gt; hier.<\/a><\/strong><\/p>\n","protected":false},"excerpt":{"rendered":"<p>Was es bei uns alles gibt: Ganztagsangebot mit 125 Pl\u00e4tzen und vielen Arbeits- und Spielgruppen sowie eigener Mensa Zwei Schulgeb\u00e4ude Zwei Schulh\u00f6fe mit vielf\u00e4ltigen Sport- und Spielger\u00e4ten Zwei Schulbibliotheken Zwei Turnhallen Schulobstprogramm hier Singpause hier Hausaufgabenbetreuung f\u00fcr nicht-OGS Kinder hier &hellip; <a href=\"https:\/\/ggs-marienstrasse.de\/?page_id=139\">Weiterlesen <span class=\"meta-nav\">&rarr;<\/span><\/a><\/p>\n","protected":false},"author":2,"featured_media":0,"parent":0,"menu_order":5,"comment_status":"closed","ping_status":"open","template":"","meta":{"ngg_post_thumbnail":0},"_links":{"self":[{"href":"https:\/\/ggs-marienstrasse.de\/index.php?rest_route=\/wp\/v2\/pages\/139"}],"collection":[{"href":"https:\/\/ggs-marienstrasse.de\/index.php?rest_route=\/wp\/v2\/pages"}],"about":[{"href":"https:\/\/ggs-marienstrasse.de\/index.php?rest_route=\/wp\/v2\/types\/page"}],"author":[{"embeddable":true,"href":"https:\/\/ggs-marienstrasse.de\/index.php?rest_route=\/wp\/v2\/users\/2"}],"replies":[{"embeddable":true,"href":"https:\/\/ggs-marienstrasse.de\/index.php?rest_route=%2Fwp%2Fv2%2Fcomments&post=139"}],"version-history":[{"count":27,"href":"https:\/\/ggs-marienstrasse.de\/index.php?rest_route=\/wp\/v2\/pages\/139\/revisions"}],"predecessor-version":[{"id":2152,"href":"https:\/\/ggs-marienstrasse.de\/index.php?rest_route=\/wp\/v2\/pages\/139\/revisions\/2152"}],"wp:attachment":[{"href":"https:\/\/ggs-marienstrasse.de\/index.php?rest_route=%2Fwp%2Fv2%2Fmedia&parent=139"}],"curies":[{"name":"wp","href":"https:\/\/api.w.org\/{rel}","templated":true}]}}