{"id":11,"date":"2012-05-15T17:42:58","date_gmt":"2012-05-15T17:42:58","guid":{"rendered":"http:\/\/stoelting-klein.de\/business\/ggsm\/?page_id=11"},"modified":"2025-08-21T13:43:57","modified_gmt":"2025-08-21T13:43:57","slug":"klassen","status":"publish","type":"page","link":"https:\/\/ggs-marienstrasse.de\/?page_id=11","title":{"rendered":"Klassen"},"content":{"rendered":"\n<p><\/p>\n\n\n\n<div class=\"wp-block-columns are-vertically-aligned-center is-layout-flex wp-container-3\">\n<div class=\"wp-block-column is-layout-flow\">\n<figure class=\"wp-block-pullquote has-small-font-size\"><blockquote><p>Schildkr\u00f6tenklasse<\/p><cite>FRAU Kalcher<\/cite><\/blockquote><\/figure>\n<\/div>\n\n\n\n<div class=\"wp-block-column is-layout-flow\">\n<figure class=\"wp-block-pullquote has-small-font-size\"><blockquote><p>Nilpferdklasse<\/p><cite>FRAU Fischer<\/cite><\/blockquote><\/figure>\n<\/div>\n<\/div>\n\n\n\n<div class=\"wp-block-columns is-layout-flex wp-container-6\">\n<div class=\"wp-block-column is-layout-flow\">\n<figure class=\"wp-block-pullquote has-small-font-size\"><blockquote><p>Erdm\u00e4nnchenklasse<\/p><cite>Herr Hensen<\/cite><\/blockquote><\/figure>\n<\/div>\n\n\n\n<div class=\"wp-block-column is-layout-flow\">\n<figure class=\"wp-block-pullquote has-small-font-size\"><blockquote><p>L\u00f6wenklasse<\/p><cite>frau d\u00f6ring<\/cite><\/blockquote><\/figure>\n<\/div>\n<\/div>\n\n\n\n<div class=\"wp-block-columns is-layout-flex wp-container-16\">\n<div class=\"wp-block-column is-layout-flow\" style=\"flex-basis:100%\">\n<div class=\"wp-block-columns is-layout-flex wp-container-14\">\n<div class=\"wp-block-column is-vertically-aligned-center is-layout-flow\" style=\"flex-basis:100%\">\n<div class=\"wp-block-columns is-layout-flex wp-container-9\">\n<div class=\"wp-block-column is-layout-flow\">\n<figure class=\"wp-block-pullquote has-small-font-size\"><blockquote><p>Koalaklasse<\/p><cite>Frau Staab<\/cite><\/blockquote><\/figure>\n\n\n\n<figure class=\"wp-block-pullquote has-small-font-size\"><blockquote><p>Faultierklasse<\/p><cite>Frau kleinhubbert<\/cite><\/blockquote><\/figure>\n\n\n\n<figure class=\"wp-block-pullquote has-small-font-size\"><blockquote><p>Giraffenklasse<\/p><cite>Frau Valentin<\/cite><\/blockquote><\/figure>\n\n\n\n<figure class=\"wp-block-pullquote has-small-font-size\"><blockquote><p>Pinguinklasse<\/p><cite>Frau Freiknecht &amp; Herr Bucak<\/cite><\/blockquote><\/figure>\n<\/div>\n\n\n\n<div class=\"wp-block-column is-layout-flow\">\n<figure class=\"wp-block-pullquote has-small-font-size\"><blockquote><p>Waschb\u00e4rklasse<\/p><cite>FRAU Lindemann<\/cite><\/blockquote><\/figure>\n\n\n\n<figure class=\"wp-block-pullquote has-small-font-size\"><blockquote><p>Zebraklasse<\/p><cite>Frau Fahsel<\/cite><\/blockquote><\/figure>\n\n\n\n<figure class=\"wp-block-pullquote has-small-font-size\"><blockquote><p>Pandaklasse<\/p><cite>Frau Fiore<\/cite><\/blockquote><\/figure>\n<\/div>\n<\/div>\n\n\n\n<div class=\"wp-block-columns is-layout-flex wp-container-12\">\n<div class=\"wp-block-column is-layout-flow\"><\/div>\n\n\n\n<div class=\"wp-block-column is-layout-flow\"><\/div>\n<\/div>\n<\/div>\n<\/div>\n<\/div>\n<\/div>\n\n\n\n<div class=\"wp-block-columns is-layout-flex wp-container-21\">\n<div class=\"wp-block-column is-layout-flow\" style=\"flex-basis:100%\">\n<div class=\"wp-block-columns is-layout-flex wp-container-19\">\n<div class=\"wp-block-column is-layout-flow\"><\/div>\n\n\n\n<div class=\"wp-block-column is-layout-flow\"><\/div>\n<\/div>\n<\/div>\n<\/div>\n\n\n\n<p><\/p>\n\n\n\n<p><\/p>\n","protected":false},"excerpt":{"rendered":"<p>Schildkr\u00f6tenklasse FRAU Kalcher Nilpferdklasse FRAU Fischer Erdm\u00e4nnchenklasse Herr Hensen L\u00f6wenklasse frau d\u00f6ring Koalaklasse Frau Staab Faultierklasse Frau kleinhubbert Giraffenklasse Frau Valentin Pinguinklasse Frau Freiknecht &amp; Herr Bucak Waschb\u00e4rklasse FRAU Lindemann Zebraklasse Frau Fahsel Pandaklasse Frau Fiore<\/p>\n","protected":false},"author":6,"featured_media":0,"parent":17,"menu_order":0,"comment_status":"closed","ping_status":"closed","template":"","meta":{"ngg_post_thumbnail":0},"_links":{"self":[{"href":"https:\/\/ggs-marienstrasse.de\/index.php?rest_route=\/wp\/v2\/pages\/11"}],"collection":[{"href":"https:\/\/ggs-marienstrasse.de\/index.php?rest_route=\/wp\/v2\/pages"}],"about":[{"href":"https:\/\/ggs-marienstrasse.de\/index.php?rest_route=\/wp\/v2\/types\/page"}],"author":[{"embeddable":true,"href":"https:\/\/ggs-marienstrasse.de\/index.php?rest_route=\/wp\/v2\/users\/6"}],"replies":[{"embeddable":true,"href":"https:\/\/ggs-marienstrasse.de\/index.php?rest_route=%2Fwp%2Fv2%2Fcomments&post=11"}],"version-history":[{"count":41,"href":"https:\/\/ggs-marienstrasse.de\/index.php?rest_route=\/wp\/v2\/pages\/11\/revisions"}],"predecessor-version":[{"id":2647,"href":"https:\/\/ggs-marienstrasse.de\/index.php?rest_route=\/wp\/v2\/pages\/11\/revisions\/2647"}],"up":[{"embeddable":true,"href":"https:\/\/ggs-marienstrasse.de\/index.php?rest_route=\/wp\/v2\/pages\/17"}],"wp:attachment":[{"href":"https:\/\/ggs-marienstrasse.de\/index.php?rest_route=%2Fwp%2Fv2%2Fmedia&parent=11"}],"curies":[{"name":"wp","href":"https:\/\/api.w.org\/{rel}","templated":true}]}}